{"id":2050,"date":"2025-08-21T06:37:55","date_gmt":"2025-08-21T06:37:55","guid":{"rendered":"https:\/\/haytrix-display.com\/?post_type=product&#038;p=2050"},"modified":"2025-10-15T10:02:02","modified_gmt":"2025-10-15T10:02:02","slug":"haytrix-m5c-2-e-bike-display","status":"publish","type":"product","link":"https:\/\/www.haytrix-display.com\/es\/product\/haytrix-m5c-2-e-bike-display\/","title":{"rendered":"Haytrix M5C-2 E-Bike Display - Pantalla LCD Inteligente Compatible con Bluetooth APP"},"content":{"rendered":"<p data-start=\"472\" data-end=\"909\">En <strong data-start=\"510\" data-end=\"539\">Pantalla LCD Haytrix M5C-2<\/strong> est\u00e1 dise\u00f1ado para fabricantes, distribuidores y talleres profesionales de e-bikes y e-scooters. A diferencia de las pantallas est\u00e1ndar, la M5C-2 ofrece <strong data-start=\"675\" data-end=\"701\">Conectividad Bluetooth<\/strong>, que permite a los motoristas conectarse directamente con las aplicaciones de conducci\u00f3n de los smartphones. Esta caracter\u00edstica permite funciones avanzadas como el seguimiento de la conducci\u00f3n, la supervisi\u00f3n del rendimiento, las actualizaciones de firmware y el diagn\u00f3stico remoto.<\/p>\n<p data-start=\"911\" data-end=\"934\">Las caracter\u00edsticas clave incluyen:<\/p>\n<ul data-start=\"935\" data-end=\"1439\">\n<li data-start=\"935\" data-end=\"1035\">\n<p data-start=\"937\" data-end=\"1035\"><strong data-start=\"937\" data-end=\"967\">Conectividad Bluetooth APP<\/strong> - Se conecta perfectamente con las aplicaciones de conducci\u00f3n m\u00e1s populares para el seguimiento de datos.<\/p>\n<\/li>\n<li data-start=\"1036\" data-end=\"1126\">\n<p data-start=\"1038\" data-end=\"1126\"><strong data-start=\"1038\" data-end=\"1058\">Pantalla LCD n\u00edtida<\/strong> - Muestra la velocidad, el nivel de bater\u00eda, el kilometraje, el nivel de asistencia y mucho m\u00e1s.<\/p>\n<\/li>\n<li data-start=\"1127\" data-end=\"1224\">\n<p data-start=\"1129\" data-end=\"1224\"><strong data-start=\"1129\" data-end=\"1149\">Dise\u00f1o B2B<\/strong> - Fiable, duradera y adecuada para pedidos al por mayor de clientes OEM\/ODM.<\/p>\n<\/li>\n<li data-start=\"1225\" data-end=\"1337\">\n<p data-start=\"1227\" data-end=\"1337\"><strong data-start=\"1227\" data-end=\"1254\">Compatibilidad universal<\/strong> - Funciona con la mayor\u00eda de las e-bikes y e-scooters que utilizan el protocolo de comunicaci\u00f3n UART No.2.<\/p>\n<\/li>\n<li data-start=\"1338\" data-end=\"1439\">\n<p data-start=\"1340\" data-end=\"1439\"><strong data-start=\"1340\" data-end=\"1368\">Experiencia de usuario mejorada<\/strong> - Permite la sincronizaci\u00f3n de datos entre la pantalla y el tel\u00e9fono m\u00f3vil.<\/p>\n<\/li>\n<\/ul>\n<p data-start=\"1441\" data-end=\"1631\">Este producto es ideal para <strong data-start=\"1467\" data-end=\"1548\">f\u00e1bricas de e-bikes, fabricantes de scooters, distribuidores y talleres de reparaci\u00f3n locales<\/strong> que buscan mejorar su oferta de productos con <strong data-start=\"1597\" data-end=\"1628\">funciones de conectividad inteligentes<\/strong>.<\/p>","protected":false},"excerpt":{"rendered":"<p>El Haytrix M5C-2 es una pantalla inteligente para bicicletas el\u00e9ctricas que admite <strong data-start=\"317\" data-end=\"341\">Conexi\u00f3n Bluetooth<\/strong> a las aplicaciones m\u00f3viles de conducci\u00f3n, proporcionando datos de conducci\u00f3n en tiempo real, diagn\u00f3sticos y una conectividad mejorada para los usuarios de e-bikes y e-scooters.<\/p>","protected":false},"featured_media":2061,"comment_status":"open","ping_status":"closed","template":"","meta":{"_uag_custom_page_level_css":"","site-sidebar-layout":"default","site-content-layout":"","ast-site-content-layout":"default","site-content-style":"default","site-sidebar-style":"default","ast-global-header-display":"","ast-banner-title-visibility":"","ast-main-header-display":"","ast-hfb-above-header-display":"","ast-hfb-below-header-display":"","ast-hfb-mobile-header-display":"","site-post-title":"","ast-breadcrumbs-content":"","ast-featured-img":"","footer-sml-layout":"","ast-disable-related-posts":"","theme-transparent-header-meta":"default","adv-header-id-meta":"","stick-header-meta":"","header-above-stick-meta":"","header-main-stick-meta":"","header-below-stick-meta":"","astra-migrate-meta-layouts":"set","ast-page-background-enabled":"default","ast-page-background-meta":{"desktop":{"background-color":"var(--ast-global-color-4)","background-image":"","background-repeat":"repeat","background-position":"center center","background-size":"auto","background-attachment":"scroll","background-type":"","background-media":"","overlay-type":"","overlay-color":"","overlay-opacity":"","overlay-gradient":""},"tablet":{"background-color":"","background-image":"","background-repeat":"repeat","background-position":"center center","background-size":"auto","background-attachment":"scroll","background-type":"","background-media":"","overlay-type":"","overlay-color":"","overlay-opacity":"","overlay-gradient":""},"mobile":{"background-color":"","background-image":"","background-repeat":"repeat","background-position":"center center","background-size":"auto","background-attachment":"scroll","background-type":"","background-media":"","overlay-type":"","overlay-color":"","overlay-opacity":"","overlay-gradient":""}},"ast-content-background-meta":{"desktop":{"background-color":"var(--ast-global-color-5)","background-image":"","background-repeat":"repeat","background-position":"center center","background-size":"auto","background-attachment":"scroll","background-type":"","background-media":"","overlay-type":"","overlay-color":"","overlay-opacity":"","overlay-gradient":""},"tablet":{"background-color":"var(--ast-global-color-5)","background-image":"","background-repeat":"repeat","background-position":"center center","background-size":"auto","background-attachment":"scroll","background-type":"","background-media":"","overlay-type":"","overlay-color":"","overlay-opacity":"","overlay-gradient":""},"mobile":{"background-color":"var(--ast-global-color-5)","background-image":"","background-repeat":"repeat","background-position":"center center","background-size":"auto","background-attachment":"scroll","background-type":"","background-media":"","overlay-type":"","overlay-color":"","overlay-opacity":"","overlay-gradient":""}}},"product_brand":[23],"product_cat":[89],"product_tag":[97,91,67,94,95,132,96,93,92,66],"class_list":{"0":"post-2050","1":"product","2":"type-product","3":"status-publish","4":"has-post-thumbnail","6":"product_brand-haytrix","7":"product_cat-bluetooth-app","8":"product_tag-b2b-e-bike-display","9":"product_tag-bluetooth-e-bike-display","10":"product_tag-e-bike-parts-wholesale","11":"product_tag-e-scooter-bluetooth-display","12":"product_tag-electric-bike-smart-display","13":"product_tag-haytrix-m5c-2","14":"product_tag-lcd-e-bike-display","15":"product_tag-mobile-app-connected-display","16":"product_tag-smart-e-bike-screen","17":"product_tag-uart-no-2-display","18":"desktop-align-left","19":"tablet-align-left","20":"mobile-align-left","22":"first","23":"instock","24":"shipping-taxable","25":"purchasable","26":"product-type-variable"},"spectra_custom_meta":{"surerank_seo_checks":["a:10:{s:14:\"h2_subheadings\";a:2:{s:6:\"status\";s:7:\"warning\";s:7:\"message\";s:42:\"The page does not contain any subheadings.\";}s:13:\"media_present\";a:2:{s:6:\"status\";s:7:\"success\";s:7:\"message\";s:55:\"This page includes images or videos to enhance content.\";}s:13:\"links_present\";a:2:{s:6:\"status\";s:7:\"warning\";s:7:\"message\";s:27:\"No links found on the page.\";}s:10:\"url_length\";a:2:{s:6:\"status\";s:7:\"success\";s:7:\"message\";s:35:\"Page URL is short and SEO-friendly.\";}s:19:\"search_engine_title\";a:2:{s:6:\"status\";s:7:\"warning\";s:7:\"message\";s:42:\"Search engine title exceeds 60 characters.\";}s:25:\"search_engine_description\";a:2:{s:6:\"status\";s:7:\"success\";s:7:\"message\";s:62:\"Search engine description is present and under 160 characters.\";}s:13:\"canonical_url\";a:2:{s:6:\"status\";s:7:\"success\";s:7:\"message\";s:37:\"Canonical tag is present on the page.\";}s:15:\"open_graph_tags\";a:2:{s:6:\"status\";s:7:\"success\";s:7:\"message\";s:40:\"Open Graph tags are present on the page.\";}s:12:\"broken_links\";a:2:{s:6:\"status\";s:7:\"success\";s:7:\"message\";s:34:\"No broken links found on the page.\";}s:14:\"image_alt_text\";a:4:{s:6:\"status\";s:7:\"warning\";s:11:\"description\";a:2:{i:0;s:37:\"The page does not contain any images.\";i:1;s:60:\"Add images to improve the post\/page's visual appeal and SEO.\";}s:7:\"message\";s:64:\"One or more images on this page are missing alt text attributes.\";s:11:\"show_images\";b:0;}}"],"surerank_seo_checks_last_updated":["1755842080"],"_edit_last":["1"],"_edit_lock":["1760578637:1"],"total_sales":["0"],"_tax_status":["taxable"],"_tax_class":[""],"_manage_stock":["no"],"_backorders":["no"],"_sold_individually":["no"],"_virtual":["no"],"_downloadable":["no"],"_download_limit":["-1"],"_download_expiry":["-1"],"_stock":[null],"_stock_status":["instock"],"_wc_average_rating":["0"],"_wc_review_count":["0"],"_product_attributes":["a:1:{s:23:\"interface-typeuart-no-2\";a:6:{s:4:\"name\";s:25:\"Interface Type(UART NO.2)\";s:5:\"value\";s:38:\"5pin | 6pin | sm5pin | sm6pin | sm7pin\";s:8:\"position\";i:0;s:10:\"is_visible\";i:1;s:12:\"is_variation\";i:1;s:11:\"is_taxonomy\";i:0;}}"],"_product_version":["10.2.2"],"_price":["30.45"],"rank_math_seo_score":["75"],"rank_math_contentai_score":["a:5:{s:8:\"keywords\";s:5:\"74.51\";s:9:\"wordCount\";s:1:\"0\";s:9:\"linkCount\";s:1:\"0\";s:12:\"headingCount\";s:1:\"0\";s:10:\"mediaCount\";s:1:\"0\";}"],"rank_math_title":["Haytrix M5C-2 Bluetooth E-Bike Display \u2013 Smart LCD Screen with APP Connectivity"],"rank_math_description":["Discover the Haytrix M5C-2 Bluetooth e-bike display \u2013 a smart LCD screen with APP connectivity for electric bikes and scooters. Perfect for OEM, distributors, and B2B buyers."],"rank_math_focus_keyword":["Bluetooth E-Bike Display,Smart E-Bike LCD Screen,E-Bike Display with APP,Electric Bike Bluetooth Display,Haytrix M5C-2 display"],"rank_math_pillar_content":["on"],"_thumbnail_id":["2061"],"_product_image_gallery":["2062,2063,2064,2065,2066,2067,2068"],"rank_math_internal_links_processed":["1"],"rank_math_primary_product_brand":["23"],"rank_math_primary_product_cat":["0"],"site-sidebar-layout":["default"],"ast-site-content-layout":["default"],"site-content-style":["default"],"site-sidebar-style":["default"],"theme-transparent-header-meta":["default"],"rank_math_analytic_object_id":["5"],"_aipkit_openai_file_id_for_vs_vs_68cb9d577640819193302a9ba797ee09":["file-GwW5MA77NiWaXqH9kvWwTy"],"_aipkit_indexed_to_vs_vs_68cb9d577640819193302a9ba797ee09":["1"],"_wp_old_slug":["haytric-m5c-2-e-bike-display"],"_aipkit_is_token_package":["no"],"astra-migrate-meta-layouts":["set"],"_uag_css_file_name":["uag-css-2050.css"],"_uag_js_file_name":["uag-js-2050.js"],"_elementor_page_assets":["a:0:{}"]},"uagb_featured_image_src":{"full":["https:\/\/www.haytrix-display.com\/wp-content\/uploads\/2025\/08\/\u4e3b\u56fe1.jpg",600,600,false],"thumbnail":["https:\/\/www.haytrix-display.com\/wp-content\/uploads\/2025\/08\/\u4e3b\u56fe1-150x150.jpg",150,150,true],"medium":["https:\/\/www.haytrix-display.com\/wp-content\/uploads\/2025\/08\/\u4e3b\u56fe1-300x300.jpg",300,300,true],"medium_large":["https:\/\/www.haytrix-display.com\/wp-content\/uploads\/2025\/08\/\u4e3b\u56fe1.jpg",600,600,false],"large":["https:\/\/www.haytrix-display.com\/wp-content\/uploads\/2025\/08\/\u4e3b\u56fe1.jpg",600,600,false],"1536x1536":["https:\/\/www.haytrix-display.com\/wp-content\/uploads\/2025\/08\/\u4e3b\u56fe1.jpg",600,600,false],"2048x2048":["https:\/\/www.haytrix-display.com\/wp-content\/uploads\/2025\/08\/\u4e3b\u56fe1.jpg",600,600,false],"trp-custom-language-flag":["https:\/\/www.haytrix-display.com\/wp-content\/uploads\/2025\/08\/\u4e3b\u56fe1.jpg",12,12,false],"woocommerce_thumbnail":["https:\/\/www.haytrix-display.com\/wp-content\/uploads\/2025\/08\/\u4e3b\u56fe1-300x300.jpg",300,300,true],"woocommerce_single":["https:\/\/www.haytrix-display.com\/wp-content\/uploads\/2025\/08\/\u4e3b\u56fe1.jpg",600,600,false],"woocommerce_gallery_thumbnail":["https:\/\/www.haytrix-display.com\/wp-content\/uploads\/2025\/08\/\u4e3b\u56fe1-100x100.jpg",100,100,true]},"uagb_author_info":{"display_name":"info6","author_link":"https:\/\/www.haytrix-display.com\/es\/author\/"},"uagb_comment_info":0,"uagb_excerpt":"The Haytrix M5C-2 is a smart e-bike display supporting Bluetooth connection to mobile riding apps, providing real-time riding data, diagnostics, and enhanced connectivity for e-bike and e-scooter users.","_links":{"self":[{"href":"https:\/\/www.haytrix-display.com\/es\/wp-json\/wp\/v2\/product\/2050","targetHints":{"allow":["GET"]}}],"collection":[{"href":"https:\/\/www.haytrix-display.com\/es\/wp-json\/wp\/v2\/product"}],"about":[{"href":"https:\/\/www.haytrix-display.com\/es\/wp-json\/wp\/v2\/types\/product"}],"replies":[{"embeddable":true,"href":"https:\/\/www.haytrix-display.com\/es\/wp-json\/wp\/v2\/comments?post=2050"}],"wp:featuredmedia":[{"embeddable":true,"href":"https:\/\/www.haytrix-display.com\/es\/wp-json\/wp\/v2\/media\/2061"}],"wp:attachment":[{"href":"https:\/\/www.haytrix-display.com\/es\/wp-json\/wp\/v2\/media?parent=2050"}],"wp:term":[{"taxonomy":"product_brand","embeddable":true,"href":"https:\/\/www.haytrix-display.com\/es\/wp-json\/wp\/v2\/product_brand?post=2050"},{"taxonomy":"product_cat","embeddable":true,"href":"https:\/\/www.haytrix-display.com\/es\/wp-json\/wp\/v2\/product_cat?post=2050"},{"taxonomy":"product_tag","embeddable":true,"href":"https:\/\/www.haytrix-display.com\/es\/wp-json\/wp\/v2\/product_tag?post=2050"}],"curies":[{"name":"wp","href":"https:\/\/api.w.org\/{rel}","templated":true}]}}