{"id":2069,"date":"2025-08-21T06:57:30","date_gmt":"2025-08-21T06:57:30","guid":{"rendered":"https:\/\/haytrix-display.com\/?post_type=product&#038;p=2069"},"modified":"2025-10-15T09:53:44","modified_gmt":"2025-10-15T09:53:44","slug":"haytrix-h6c-2-e-bike-display","status":"publish","type":"product","link":"https:\/\/www.haytrix-display.com\/es\/product\/haytrix-h6c-2-e-bike-display\/","title":{"rendered":"Pantalla Haytrix H6C-2 E-Bike con conectividad Bluetooth APP"},"content":{"rendered":"<p data-start=\"451\" data-end=\"779\">En <strong data-start=\"455\" data-end=\"487\">Pantalla Haytrix H6C-2 e-bike<\/strong> est\u00e1 dise\u00f1ado para fabricantes profesionales de bicicletas y scooters el\u00e9ctricos, minoristas y talleres de reparaci\u00f3n. Equipado con <strong data-start=\"601\" data-end=\"627\">Conectividad Bluetooth<\/strong>, permite a los usuarios vincular la pantalla con un tel\u00e9fono m\u00f3vil. <strong data-start=\"680\" data-end=\"695\">APP ciclismo<\/strong>, que proporciona estad\u00edsticas de conducci\u00f3n en tiempo real, ayuda a la navegaci\u00f3n y diagn\u00f3sticos del sistema.<\/p>\n<p data-start=\"781\" data-end=\"1065\">Con una <strong data-start=\"793\" data-end=\"813\">pantalla LCD n\u00edtida<\/strong> y <strong data-start=\"818\" data-end=\"854\">Protocolo de comunicaci\u00f3n UART n\u00ba 2<\/strong>, El H6C-2 garantiza un rendimiento estable y preciso. Es altamente compatible con la mayor\u00eda de los controladores de e-bike y es ideal para clientes B2B que requieren tanto... <strong data-start=\"1008\" data-end=\"1030\">funciones est\u00e1ndar<\/strong> y <strong data-start=\"1035\" data-end=\"1062\">funciones inteligentes avanzadas<\/strong>.<\/p>\n<p data-start=\"1067\" data-end=\"1086\"><strong data-start=\"1067\" data-end=\"1084\">Caracter\u00edsticas principales:<\/strong><\/p>\n<ul data-start=\"1087\" data-end=\"1403\">\n<li data-start=\"1087\" data-end=\"1115\">\n<p data-start=\"1089\" data-end=\"1115\">Modelo: <strong data-start=\"1096\" data-end=\"1113\">Haytrix H6C-2<\/strong><\/p>\n<\/li>\n<li data-start=\"1116\" data-end=\"1157\">\n<p data-start=\"1118\" data-end=\"1157\">Protocolo de comunicaci\u00f3n: <strong data-start=\"1142\" data-end=\"1155\">UART n\u00ba 2<\/strong><\/p>\n<\/li>\n<li data-start=\"1158\" data-end=\"1227\">\n<p data-start=\"1160\" data-end=\"1227\"><strong data-start=\"1160\" data-end=\"1186\">Conectividad Bluetooth<\/strong> para integrar la APP de ciclismo en el smartphone<\/p>\n<\/li>\n<li data-start=\"1228\" data-end=\"1288\">\n<p data-start=\"1230\" data-end=\"1288\">Velocidad en tiempo real, nivel de bater\u00eda, kilometraje y c\u00f3digos de error<\/p>\n<\/li>\n<li data-start=\"1289\" data-end=\"1337\">\n<p data-start=\"1291\" data-end=\"1337\">Dise\u00f1o resistente, impermeable y f\u00e1cil de usar<\/p>\n<\/li>\n<li data-start=\"1338\" data-end=\"1403\">\n<p data-start=\"1340\" data-end=\"1403\">Adecuado para <strong data-start=\"1353\" data-end=\"1401\">bicicletas el\u00e9ctricas, e-scooters y talleres de reparaci\u00f3n<\/strong><\/p>\n<\/li>\n<\/ul>\n<p data-start=\"1405\" data-end=\"1551\">El H6C-2 constituye una soluci\u00f3n excelente para las empresas que desean ofrecer a los motoristas un <strong data-start=\"1487\" data-end=\"1520\">experiencia de conducci\u00f3n inteligente<\/strong> con integraci\u00f3n en APP m\u00f3vil.<\/p>","protected":false},"excerpt":{"rendered":"<p>La Haytrix H6C-2 es una pantalla inteligente para bicicletas el\u00e9ctricas que admite conectividad Bluetooth con aplicaciones m\u00f3viles de ciclismo, lo que facilita el seguimiento de los datos del recorrido en bicicletas y scooters el\u00e9ctricos.<\/p>","protected":false},"featured_media":2070,"comment_status":"open","ping_status":"closed","template":"","meta":{"_uag_custom_page_level_css":"","site-sidebar-layout":"default","site-content-layout":"","ast-site-content-layout":"default","site-content-style":"default","site-sidebar-style":"default","ast-global-header-display":"","ast-banner-title-visibility":"","ast-main-header-display":"","ast-hfb-above-header-display":"","ast-hfb-below-header-display":"","ast-hfb-mobile-header-display":"","site-post-title":"","ast-breadcrumbs-content":"","ast-featured-img":"","footer-sml-layout":"","ast-disable-related-posts":"","theme-transparent-header-meta":"default","adv-header-id-meta":"","stick-header-meta":"","header-above-stick-meta":"","header-main-stick-meta":"","header-below-stick-meta":"","astra-migrate-meta-layouts":"set","ast-page-background-enabled":"default","ast-page-background-meta":{"desktop":{"background-color":"var(--ast-global-color-4)","background-image":"","background-repeat":"repeat","background-position":"center center","background-size":"auto","background-attachment":"scroll","background-type":"","background-media":"","overlay-type":"","overlay-color":"","overlay-opacity":"","overlay-gradient":""},"tablet":{"background-color":"","background-image":"","background-repeat":"repeat","background-position":"center center","background-size":"auto","background-attachment":"scroll","background-type":"","background-media":"","overlay-type":"","overlay-color":"","overlay-opacity":"","overlay-gradient":""},"mobile":{"background-color":"","background-image":"","background-repeat":"repeat","background-position":"center center","background-size":"auto","background-attachment":"scroll","background-type":"","background-media":"","overlay-type":"","overlay-color":"","overlay-opacity":"","overlay-gradient":""}},"ast-content-background-meta":{"desktop":{"background-color":"var(--ast-global-color-5)","background-image":"","background-repeat":"repeat","background-position":"center center","background-size":"auto","background-attachment":"scroll","background-type":"","background-media":"","overlay-type":"","overlay-color":"","overlay-opacity":"","overlay-gradient":""},"tablet":{"background-color":"var(--ast-global-color-5)","background-image":"","background-repeat":"repeat","background-position":"center center","background-size":"auto","background-attachment":"scroll","background-type":"","background-media":"","overlay-type":"","overlay-color":"","overlay-opacity":"","overlay-gradient":""},"mobile":{"background-color":"var(--ast-global-color-5)","background-image":"","background-repeat":"repeat","background-position":"center center","background-size":"auto","background-attachment":"scroll","background-type":"","background-media":"","overlay-type":"","overlay-color":"","overlay-opacity":"","overlay-gradient":""}}},"product_brand":[23],"product_cat":[89],"product_tag":[99,26,103,102,98,131,101,76,100,84],"class_list":{"0":"post-2069","1":"product","2":"type-product","3":"status-publish","4":"has-post-thumbnail","6":"product_brand-haytrix","7":"product_cat-bluetooth-app","8":"product_tag-bluetooth-e-bike-screen","9":"product_tag-e-bike-display","10":"product_tag-e-scooter-parts","11":"product_tag-electric-bike-accessories","12":"product_tag-h6c-2","13":"product_tag-haytrix-display","14":"product_tag-mobile-app-e-bike","15":"product_tag-scooter-display","16":"product_tag-smart-cycling-display","17":"product_tag-uart-no-2-protocol","18":"desktop-align-left","19":"tablet-align-left","20":"mobile-align-left","22":"first","23":"instock","24":"shipping-taxable","25":"purchasable","26":"product-type-variable"},"spectra_custom_meta":{"surerank_seo_checks":["a:10:{s:14:\"h2_subheadings\";a:2:{s:6:\"status\";s:7:\"warning\";s:7:\"message\";s:42:\"The page does not contain any subheadings.\";}s:13:\"media_present\";a:2:{s:6:\"status\";s:7:\"success\";s:7:\"message\";s:55:\"This page includes images or videos to enhance content.\";}s:13:\"links_present\";a:2:{s:6:\"status\";s:7:\"warning\";s:7:\"message\";s:27:\"No links found on the page.\";}s:10:\"url_length\";a:2:{s:6:\"status\";s:7:\"success\";s:7:\"message\";s:35:\"Page URL is short and SEO-friendly.\";}s:19:\"search_engine_title\";a:2:{s:6:\"status\";s:7:\"warning\";s:7:\"message\";s:42:\"Search engine title exceeds 60 characters.\";}s:25:\"search_engine_description\";a:2:{s:6:\"status\";s:7:\"success\";s:7:\"message\";s:62:\"Search engine description is present and under 160 characters.\";}s:13:\"canonical_url\";a:2:{s:6:\"status\";s:7:\"success\";s:7:\"message\";s:37:\"Canonical tag is present on the page.\";}s:15:\"open_graph_tags\";a:2:{s:6:\"status\";s:7:\"success\";s:7:\"message\";s:40:\"Open Graph tags are present on the page.\";}s:12:\"broken_links\";a:2:{s:6:\"status\";s:7:\"success\";s:7:\"message\";s:34:\"No broken links found on the page.\";}s:14:\"image_alt_text\";a:4:{s:6:\"status\";s:7:\"warning\";s:11:\"description\";a:2:{i:0;s:37:\"The page does not contain any images.\";i:1;s:60:\"Add images to improve the post\/page's visual appeal and SEO.\";}s:7:\"message\";s:64:\"One or more images on this page are missing alt text attributes.\";s:11:\"show_images\";b:0;}}"],"surerank_seo_checks_last_updated":["1755842080"],"_edit_last":["1"],"_edit_lock":["1760522240:1"],"total_sales":["0"],"_tax_status":["taxable"],"_tax_class":[""],"_manage_stock":["no"],"_backorders":["no"],"_sold_individually":["no"],"_virtual":["no"],"_downloadable":["no"],"_download_limit":["-1"],"_download_expiry":["-1"],"_stock":[null],"_stock_status":["instock"],"_wc_average_rating":["0"],"_wc_review_count":["0"],"_product_attributes":["a:1:{s:23:\"interface-typeuart-no-2\";a:6:{s:4:\"name\";s:25:\"Interface Type(UART NO.2)\";s:5:\"value\";s:38:\"5pin | 6pin | sm5pin | sm6pin | sm7pin\";s:8:\"position\";i:0;s:10:\"is_visible\";i:1;s:12:\"is_variation\";i:1;s:11:\"is_taxonomy\";i:0;}}"],"_product_version":["10.2.2"],"_price":["29.17"],"rank_math_seo_score":["89"],"rank_math_contentai_score":["a:5:{s:8:\"keywords\";s:5:\"74.51\";s:9:\"wordCount\";s:1:\"0\";s:9:\"linkCount\";s:1:\"0\";s:12:\"headingCount\";s:1:\"0\";s:10:\"mediaCount\";s:1:\"0\";}"],"rank_math_title":["Haytrix H6C-2 E-Bike Display with Bluetooth \u2013 Smart Electric Bike Screen"],"rank_math_description":["Discover the Haytrix H6C-2 e-bike display with Bluetooth APP connectivity. Perfect for e-bike and e-scooter manufacturers, shops, and repair centers. Supports UART No.2 protocol for stable communication."],"rank_math_focus_keyword":["H6C-2 e-bike display,smart e-bike screen,UART No.2 display,mobile APP e-bike,Haytrix Bliutooth display"],"rank_math_pillar_content":["on"],"_thumbnail_id":["2070"],"_product_image_gallery":["2071,2072,2073,2074,2075,2076,2077"],"rank_math_internal_links_processed":["1"],"rank_math_primary_product_brand":["23"],"rank_math_primary_product_cat":["89"],"site-sidebar-layout":["default"],"ast-site-content-layout":["default"],"site-content-style":["default"],"site-sidebar-style":["default"],"theme-transparent-header-meta":["default"],"__product_views_count":["1"],"rank_math_analytic_object_id":["4"],"litespeed_vpi_list_mobile":["a:11:{i:0;s:42:\"cropped-haytrix-ebike-display222-66x66.png\";i:1;s:9:\"de_DE.svg\";i:2;s:14:\"01-600x600.png\";i:3;s:14:\"01-100x100.png\";i:4;s:14:\"02-100x100.png\";i:5;s:16:\"03-1-100x100.png\";i:6;s:14:\"04-100x100.png\";i:7;s:14:\"05-100x100.png\";i:8;s:14:\"06-100x100.png\";i:9;s:16:\"07-1-100x100.png\";i:10;s:14:\"08-100x100.png\";}"],"litespeed_vpi_list":["a:3:{i:0;s:42:\"cropped-haytrix-ebike-display222-66x66.png\";i:1;s:9:\"en_US.svg\";i:2;s:14:\"01-600x600.png\";}"],"_aipkit_openai_file_id_for_vs_vs_68cb9d577640819193302a9ba797ee09":["file-9YzyLk3cLBtRE2WLMMj1GZ"],"_aipkit_indexed_to_vs_vs_68cb9d577640819193302a9ba797ee09":["1"],"_wp_old_slug":["haytric-h6c-2-e-bike-display"],"_aipkit_is_token_package":["no"],"astra-migrate-meta-layouts":["set"],"_uag_css_file_name":["uag-css-2069.css"],"_uag_js_file_name":["uag-js-2069.js"],"_elementor_page_assets":["a:0:{}"]},"uagb_featured_image_src":{"full":["https:\/\/www.haytrix-display.com\/wp-content\/uploads\/2025\/08\/01.png",1600,1600,false],"thumbnail":["https:\/\/www.haytrix-display.com\/wp-content\/uploads\/2025\/08\/01-150x150.png",150,150,true],"medium":["https:\/\/www.haytrix-display.com\/wp-content\/uploads\/2025\/08\/01-300x300.png",300,300,true],"medium_large":["https:\/\/www.haytrix-display.com\/wp-content\/uploads\/2025\/08\/01-768x768.png",768,768,true],"large":["https:\/\/www.haytrix-display.com\/wp-content\/uploads\/2025\/08\/01-1024x1024.png",1024,1024,true],"1536x1536":["https:\/\/www.haytrix-display.com\/wp-content\/uploads\/2025\/08\/01-1536x1536.png",1536,1536,true],"2048x2048":["https:\/\/www.haytrix-display.com\/wp-content\/uploads\/2025\/08\/01.png",1600,1600,false],"trp-custom-language-flag":["https:\/\/www.haytrix-display.com\/wp-content\/uploads\/2025\/08\/01.png",12,12,false],"woocommerce_thumbnail":["https:\/\/www.haytrix-display.com\/wp-content\/uploads\/2025\/08\/01-300x300.png",300,300,true],"woocommerce_single":["https:\/\/www.haytrix-display.com\/wp-content\/uploads\/2025\/08\/01-600x600.png",600,600,true],"woocommerce_gallery_thumbnail":["https:\/\/www.haytrix-display.com\/wp-content\/uploads\/2025\/08\/01-100x100.png",100,100,true]},"uagb_author_info":{"display_name":"info6","author_link":"https:\/\/www.haytrix-display.com\/es\/author\/"},"uagb_comment_info":0,"uagb_excerpt":"The Haytrix H6C-2 is a smart e-bike display that supports Bluetooth connectivity with mobile cycling apps, making ride data tracking easier for electric bikes and scooters.","_links":{"self":[{"href":"https:\/\/www.haytrix-display.com\/es\/wp-json\/wp\/v2\/product\/2069","targetHints":{"allow":["GET"]}}],"collection":[{"href":"https:\/\/www.haytrix-display.com\/es\/wp-json\/wp\/v2\/product"}],"about":[{"href":"https:\/\/www.haytrix-display.com\/es\/wp-json\/wp\/v2\/types\/product"}],"replies":[{"embeddable":true,"href":"https:\/\/www.haytrix-display.com\/es\/wp-json\/wp\/v2\/comments?post=2069"}],"wp:featuredmedia":[{"embeddable":true,"href":"https:\/\/www.haytrix-display.com\/es\/wp-json\/wp\/v2\/media\/2070"}],"wp:attachment":[{"href":"https:\/\/www.haytrix-display.com\/es\/wp-json\/wp\/v2\/media?parent=2069"}],"wp:term":[{"taxonomy":"product_brand","embeddable":true,"href":"https:\/\/www.haytrix-display.com\/es\/wp-json\/wp\/v2\/product_brand?post=2069"},{"taxonomy":"product_cat","embeddable":true,"href":"https:\/\/www.haytrix-display.com\/es\/wp-json\/wp\/v2\/product_cat?post=2069"},{"taxonomy":"product_tag","embeddable":true,"href":"https:\/\/www.haytrix-display.com\/es\/wp-json\/wp\/v2\/product_tag?post=2069"}],"curies":[{"name":"wp","href":"https:\/\/api.w.org\/{rel}","templated":true}]}}