{"id":2676,"date":"2025-10-11T05:49:58","date_gmt":"2025-10-11T05:49:58","guid":{"rendered":"https:\/\/www.haytrix-display.com\/?post_type=product&#038;p=2676"},"modified":"2025-10-15T09:57:16","modified_gmt":"2025-10-15T09:57:16","slug":"haytrix-f3-e-bike-display","status":"publish","type":"product","link":"https:\/\/www.haytrix-display.com\/fr\/product\/haytrix-f3-e-bike-display\/","title":{"rendered":"Haytrix F3 E-Bike Display - NFC Unlock &amp; Type-C Charging Port | Smart Dashboard"},"content":{"rendered":"<p data-start=\"509\" data-end=\"751\">Le <strong data-start=\"513\" data-end=\"542\">Affichage Haytrix F3 E-Bike<\/strong> combine <strong data-start=\"552\" data-end=\"598\">caract\u00e9ristiques de s\u00e9curit\u00e9 et de commodit\u00e9 avanc\u00e9es<\/strong> pour les v\u00e9los et scooters \u00e9lectriques. Avec <strong data-start=\"637\" data-end=\"651\">D\u00e9verrouillage NFC<\/strong>, Les cyclistes peuvent facilement d\u00e9verrouiller leur v\u00e9lo \u00e9lectrique d'une simple pression, ce qui am\u00e9liore la s\u00e9curit\u00e9 et l'exp\u00e9rience de l'utilisateur.<\/p>\n<p data-start=\"753\" data-end=\"1055\">\u00c9quip\u00e9 d'un <strong data-start=\"769\" data-end=\"793\">Port de charge de type C<\/strong>, Le F3 permet aux cyclistes de recharger leurs smartphones et autres appareils en d\u00e9placement. Construit avec le <strong data-start=\"888\" data-end=\"924\">Protocole de communication UART No.2<\/strong>, Le F3 assure une connexion fiable avec les contr\u00f4leurs, ce qui en fait un choix de confiance pour les utilisateurs d'ordinateurs portables. <strong data-start=\"1010\" data-end=\"1052\">Fabricants OEM et distributeurs B2B<\/strong>.<\/p>\n<h3 data-start=\"1057\" data-end=\"1079\"><strong data-start=\"1061\" data-end=\"1077\">Caract\u00e9ristiques principales<\/strong><\/h3>\n<ul data-start=\"1080\" data-end=\"1519\">\n<li data-start=\"1080\" data-end=\"1152\">\n<p data-start=\"1082\" data-end=\"1152\"><strong data-start=\"1082\" data-end=\"1096\">D\u00e9verrouillage NFC<\/strong> - D\u00e9verrouillage s\u00e9curis\u00e9 et pratique par simple pression d'un bouton pour les conducteurs.<\/p>\n<\/li>\n<li data-start=\"1153\" data-end=\"1241\">\n<p data-start=\"1155\" data-end=\"1241\"><strong data-start=\"1155\" data-end=\"1179\">Port de charge de type C<\/strong> - Rechargez les smartphones et les appareils directement \u00e0 partir de l'\u00e9cran.<\/p>\n<\/li>\n<li data-start=\"1242\" data-end=\"1324\">\n<p data-start=\"1244\" data-end=\"1324\"><strong data-start=\"1244\" data-end=\"1268\">\u00c9cran num\u00e9rique clair<\/strong> - Affiche la vitesse, la batterie, le kilom\u00e9trage et le niveau d'assistance.<\/p>\n<\/li>\n<li data-start=\"1325\" data-end=\"1417\">\n<p data-start=\"1327\" data-end=\"1417\"><strong data-start=\"1327\" data-end=\"1345\">Conception durable<\/strong> - R\u00e9sistant \u00e0 l'eau, il convient aux d\u00e9placements quotidiens ou \u00e0 une utilisation commerciale.<\/p>\n<\/li>\n<li data-start=\"1418\" data-end=\"1519\">\n<p data-start=\"1420\" data-end=\"1519\"><strong data-start=\"1420\" data-end=\"1441\">Personnalisation B2B<\/strong> - Permet aux fabricants et aux ateliers de r\u00e9paration d'apposer leur marque OEM et de passer des commandes group\u00e9es.<\/p>\n<\/li>\n<\/ul>\n<h3 data-start=\"1521\" data-end=\"1543\"><strong data-start=\"1525\" data-end=\"1541\">Applications<\/strong><\/h3>\n<ul data-start=\"1544\" data-end=\"1750\">\n<li data-start=\"1544\" data-end=\"1603\">\n<p data-start=\"1546\" data-end=\"1603\">V\u00e9los et scooters \u00e9lectriques pour les \u00e9quipementiers et les distributeurs<\/p>\n<\/li>\n<li data-start=\"1604\" data-end=\"1673\">\n<p data-start=\"1606\" data-end=\"1673\">D\u00e9taillants et ateliers de r\u00e9paration proposant des pr\u00e9sentoirs intelligents et conviviaux<\/p>\n<\/li>\n<li data-start=\"1674\" data-end=\"1750\">\n<p data-start=\"1676\" data-end=\"1750\">Solutions d'e-mobilit\u00e9 haut de gamme exigeant une s\u00e9curit\u00e9 et une commodit\u00e9 avanc\u00e9es<\/p>\n<\/li>\n<\/ul>","protected":false},"excerpt":{"rendered":"<p>Le <strong data-start=\"263\" data-end=\"277\">Haytrix F3<\/strong> est un \u00e9cran intelligent pour v\u00e9los \u00e9lectriques qui comprend <strong data-start=\"314\" data-end=\"339\">Technologie de d\u00e9verrouillage NFC<\/strong> et un <strong data-start=\"346\" data-end=\"370\">Port de charge de type C<\/strong> pour les appareils mobiles, con\u00e7u pour les fabricants, les distributeurs et les ateliers de r\u00e9paration de v\u00e9los \u00e9lectriques professionnels.<\/p>","protected":false},"featured_media":2687,"comment_status":"open","ping_status":"closed","template":"","meta":{"_uag_custom_page_level_css":"","site-sidebar-layout":"default","site-content-layout":"","ast-site-content-layout":"default","site-content-style":"default","site-sidebar-style":"default","ast-global-header-display":"","ast-banner-title-visibility":"","ast-main-header-display":"","ast-hfb-above-header-display":"","ast-hfb-below-header-display":"","ast-hfb-mobile-header-display":"","site-post-title":"","ast-breadcrumbs-content":"","ast-featured-img":"","footer-sml-layout":"","ast-disable-related-posts":"","theme-transparent-header-meta":"default","adv-header-id-meta":"","stick-header-meta":"","header-above-stick-meta":"","header-main-stick-meta":"","header-below-stick-meta":"","astra-migrate-meta-layouts":"set","ast-page-background-enabled":"default","ast-page-background-meta":{"desktop":{"background-color":"var(--ast-global-color-4)","background-image":"","background-repeat":"repeat","background-position":"center center","background-size":"auto","background-attachment":"scroll","background-type":"","background-media":"","overlay-type":"","overlay-color":"","overlay-opacity":"","overlay-gradient":""},"tablet":{"background-color":"","background-image":"","background-repeat":"repeat","background-position":"center center","background-size":"auto","background-attachment":"scroll","background-type":"","background-media":"","overlay-type":"","overlay-color":"","overlay-opacity":"","overlay-gradient":""},"mobile":{"background-color":"","background-image":"","background-repeat":"repeat","background-position":"center center","background-size":"auto","background-attachment":"scroll","background-type":"","background-media":"","overlay-type":"","overlay-color":"","overlay-opacity":"","overlay-gradient":""}},"ast-content-background-meta":{"desktop":{"background-color":"var(--ast-global-color-5)","background-image":"","background-repeat":"repeat","background-position":"center center","background-size":"auto","background-attachment":"scroll","background-type":"","background-media":"","overlay-type":"","overlay-color":"","overlay-opacity":"","overlay-gradient":""},"tablet":{"background-color":"var(--ast-global-color-5)","background-image":"","background-repeat":"repeat","background-position":"center center","background-size":"auto","background-attachment":"scroll","background-type":"","background-media":"","overlay-type":"","overlay-color":"","overlay-opacity":"","overlay-gradient":""},"mobile":{"background-color":"var(--ast-global-color-5)","background-image":"","background-repeat":"repeat","background-position":"center center","background-size":"auto","background-attachment":"scroll","background-type":"","background-media":"","overlay-type":"","overlay-color":"","overlay-opacity":"","overlay-gradient":""}}},"product_brand":[23],"product_cat":[119],"product_tag":[124,57,34,121,128,122,125,92,123,66],"class_list":{"0":"post-2676","1":"product","2":"type-product","3":"status-publish","4":"has-post-thumbnail","6":"product_brand-haytrix","7":"product_cat-nfc-unlock","8":"product_tag-b2b-e-bike-parts","9":"product_tag-electric-bike-accessory","10":"product_tag-electric-scooter-display","11":"product_tag-f3-display","12":"product_tag-haytrix-f3","13":"product_tag-nfc-e-bike-display","14":"product_tag-oem-e-bike-dashboard","15":"product_tag-smart-e-bike-screen","16":"product_tag-type-c-charging-display","17":"product_tag-uart-no-2-display","18":"desktop-align-left","19":"tablet-align-left","20":"mobile-align-left","22":"first","23":"instock","24":"shipping-taxable","25":"purchasable","26":"product-type-variable"},"spectra_custom_meta":{"_edit_lock":["1760522101:1"],"_edit_last":["1"],"total_sales":["0"],"_tax_status":["taxable"],"_tax_class":[""],"_manage_stock":["no"],"_backorders":["no"],"_sold_individually":["no"],"_virtual":["no"],"_downloadable":["no"],"_download_limit":["-1"],"_download_expiry":["-1"],"_stock":[null],"_stock_status":["instock"],"_wc_average_rating":["0"],"_wc_review_count":["0"],"_product_attributes":["a:1:{s:23:\"interface-typeuart-no-2\";a:6:{s:4:\"name\";s:25:\"Interface Type(UART NO.2)\";s:5:\"value\";s:38:\"5pin | 6pin | sm5pin | sm6pin | sm7pin\";s:8:\"position\";i:0;s:10:\"is_visible\";i:1;s:12:\"is_variation\";i:1;s:11:\"is_taxonomy\";i:0;}}"],"_product_version":["10.2.2"],"_price":["23"],"rank_math_internal_links_processed":["1"],"rank_math_seo_score":["37"],"rank_math_contentai_score":["a:5:{s:8:\"keywords\";s:5:\"74.51\";s:9:\"wordCount\";s:1:\"0\";s:9:\"linkCount\";s:1:\"0\";s:12:\"headingCount\";s:1:\"0\";s:10:\"mediaCount\";s:1:\"0\";}"],"rank_math_title":["Haytrix F3 E-Bike Display \u2013 NFC Unlock &amp; Type-C Charging Port | Smart Dashboard"],"rank_math_description":["The Haytrix F3 is a smart e-bike display featuring NFC unlock technology and a Type-C charging port for mobile devices, designed for professional e-bike manufacturers, distributors, and repair shops."],"rank_math_focus_keyword":["NFC E-Bike Display,Type-C charging display,smart e-bike screen,B2B e-bike accessory,Haytrix F3"],"_thumbnail_id":["2687"],"_aipkit_is_token_package":["no"],"_product_image_gallery":["2688,2689,2690,2691,2692,2693"],"rank_math_primary_product_brand":["23"],"rank_math_primary_product_cat":["119"],"site-sidebar-layout":["default"],"ast-site-content-layout":["default"],"site-content-style":["default"],"site-sidebar-style":["default"],"theme-transparent-header-meta":["default"],"_wp_old_slug":["haytric-f3-e-bike-display"],"astra-migrate-meta-layouts":["set"],"_uag_css_file_name":["uag-css-2676.css"],"_uag_js_file_name":["uag-js-2676.js"],"_elementor_page_assets":["a:0:{}"]},"uagb_featured_image_src":{"full":["https:\/\/www.haytrix-display.com\/wp-content\/uploads\/2025\/10\/DSC_0719.webp",1500,1500,false],"thumbnail":["https:\/\/www.haytrix-display.com\/wp-content\/uploads\/2025\/10\/DSC_0719-150x150.webp",150,150,true],"medium":["https:\/\/www.haytrix-display.com\/wp-content\/uploads\/2025\/10\/DSC_0719-300x300.webp",300,300,true],"medium_large":["https:\/\/www.haytrix-display.com\/wp-content\/uploads\/2025\/10\/DSC_0719-768x768.webp",768,768,true],"large":["https:\/\/www.haytrix-display.com\/wp-content\/uploads\/2025\/10\/DSC_0719-1024x1024.webp",1024,1024,true],"1536x1536":["https:\/\/www.haytrix-display.com\/wp-content\/uploads\/2025\/10\/DSC_0719.webp",1500,1500,false],"2048x2048":["https:\/\/www.haytrix-display.com\/wp-content\/uploads\/2025\/10\/DSC_0719.webp",1500,1500,false],"trp-custom-language-flag":["https:\/\/www.haytrix-display.com\/wp-content\/uploads\/2025\/10\/DSC_0719-12x12.webp",12,12,true],"woocommerce_thumbnail":["https:\/\/www.haytrix-display.com\/wp-content\/uploads\/2025\/10\/DSC_0719-300x300.webp",300,300,true],"woocommerce_single":["https:\/\/www.haytrix-display.com\/wp-content\/uploads\/2025\/10\/DSC_0719-600x600.webp",600,600,true],"woocommerce_gallery_thumbnail":["https:\/\/www.haytrix-display.com\/wp-content\/uploads\/2025\/10\/DSC_0719-100x100.webp",100,100,true]},"uagb_author_info":{"display_name":"info6","author_link":"https:\/\/www.haytrix-display.com\/fr\/author\/"},"uagb_comment_info":0,"uagb_excerpt":"The Haytrix F3 is a smart e-bike display featuring NFC unlock technology and a Type-C charging port for mobile devices, designed for professional e-bike manufacturers, distributors, and repair shops.","_links":{"self":[{"href":"https:\/\/www.haytrix-display.com\/fr\/wp-json\/wp\/v2\/product\/2676","targetHints":{"allow":["GET"]}}],"collection":[{"href":"https:\/\/www.haytrix-display.com\/fr\/wp-json\/wp\/v2\/product"}],"about":[{"href":"https:\/\/www.haytrix-display.com\/fr\/wp-json\/wp\/v2\/types\/product"}],"replies":[{"embeddable":true,"href":"https:\/\/www.haytrix-display.com\/fr\/wp-json\/wp\/v2\/comments?post=2676"}],"wp:featuredmedia":[{"embeddable":true,"href":"https:\/\/www.haytrix-display.com\/fr\/wp-json\/wp\/v2\/media\/2687"}],"wp:attachment":[{"href":"https:\/\/www.haytrix-display.com\/fr\/wp-json\/wp\/v2\/media?parent=2676"}],"wp:term":[{"taxonomy":"product_brand","embeddable":true,"href":"https:\/\/www.haytrix-display.com\/fr\/wp-json\/wp\/v2\/product_brand?post=2676"},{"taxonomy":"product_cat","embeddable":true,"href":"https:\/\/www.haytrix-display.com\/fr\/wp-json\/wp\/v2\/product_cat?post=2676"},{"taxonomy":"product_tag","embeddable":true,"href":"https:\/\/www.haytrix-display.com\/fr\/wp-json\/wp\/v2\/product_tag?post=2676"}],"curies":[{"name":"wp","href":"https:\/\/api.w.org\/{rel}","templated":true}]}}