{"id":1827,"date":"2025-08-20T07:09:12","date_gmt":"2025-08-20T07:09:12","guid":{"rendered":"https:\/\/haytrix-display.com\/?post_type=product&#038;p=1827"},"modified":"2025-08-20T07:09:12","modified_gmt":"2025-08-20T07:09:12","slug":"haytrix-m6c-e-bi%cc%87si%cc%87klet-ekrani","status":"publish","type":"product","link":"https:\/\/www.haytrix-display.com\/tr\/product\/haytrix-m6c-e-bike-display\/","title":{"rendered":"Haytrix M6C E-Bisiklet Ekran\u0131 - UART No.2, Kod ve KillSwitch ile Ayarlanabilir H\u0131z S\u0131n\u0131r\u0131"},"content":{"rendered":"<p data-start=\"623\" data-end=\"699\"><strong data-start=\"623\" data-end=\"699\">Haytrix M6C E-Bisiklet Ekran\u0131 - OEM'ler, Ma\u011fazalar ve Distrib\u00fct\u00f6rler i\u00e7in B2B \u00c7\u00f6z\u00fcm\u00fc<\/strong><\/p>\n<p data-start=\"701\" data-end=\"886\">Bu <strong data-start=\"705\" data-end=\"720\">Haytrix M6C<\/strong> kullanan profesyonel bir elektrikli bisiklet ve scooter ekran\u0131d\u0131r. <strong data-start=\"779\" data-end=\"815\">UART No.2 ileti\u015fim protokol\u00fc<\/strong>i\u00e7in idealdir. <strong data-start=\"827\" data-end=\"883\">OEM \u00fcreticileri, B2B toptanc\u0131lar\u0131 ve tamir at\u00f6lyeleri<\/strong>.<\/p>\n<p data-start=\"888\" data-end=\"908\">\ud83d\udd11 <strong data-start=\"891\" data-end=\"908\">Temel \u00d6zellikler:<\/strong><\/p>\n<ul data-start=\"910\" data-end=\"1698\">\n<li data-start=\"910\" data-end=\"1055\">\n<p data-start=\"912\" data-end=\"1055\"><strong data-start=\"912\" data-end=\"940\">UART No.2 \u0130leti\u015fim:<\/strong><br data-start=\"940\" data-end=\"943\" \/>\u00dcreticiler ve servis merkezleri i\u00e7in \u00e7o\u011fu e-bisiklet ve e-scooter kontrol cihaz\u0131 ile sorunsuz entegrasyon sa\u011flar.<\/p>\n<\/li>\n<li data-start=\"1057\" data-end=\"1242\">\n<p data-start=\"1059\" data-end=\"1242\"><strong data-start=\"1059\" data-end=\"1104\">Ayarlanabilir Maksimum H\u0131z (Kod Fonksiyonu):<\/strong><br data-start=\"1104\" data-end=\"1107\" \/>Parola korumal\u0131 kontrol, h\u0131z s\u0131n\u0131rlar\u0131n\u0131n 25 km\/s'den 100 km\/s'ye kadar ayarlanmas\u0131na olanak tan\u0131r ve farkl\u0131 h\u0131z d\u00fczenlemelerine sahip b\u00f6lgeler i\u00e7in idealdir.<\/p>\n<\/li>\n<li data-start=\"1244\" data-end=\"1443\">\n<p data-start=\"1246\" data-end=\"1443\"><strong data-start=\"1246\" data-end=\"1285\">25km\/s'ye H\u0131zl\u0131 S\u0131f\u0131rlama (KillSwitch):<\/strong><br data-start=\"1285\" data-end=\"1288\" \/>G\u00fc\u00e7 tu\u015funa ve eksi tu\u015funa ayn\u0131 anda bas\u0131ld\u0131\u011f\u0131nda AB'nin yasal 25 km\/s h\u0131z\u0131 an\u0131nda geri y\u00fcklenerek m\u00fc\u015fterilerin para cezalar\u0131ndan ve araca el konulmas\u0131ndan ka\u00e7\u0131nmas\u0131na yard\u0131mc\u0131 olur.<\/p>\n<\/li>\n<li data-start=\"1445\" data-end=\"1549\">\n<p data-start=\"1447\" data-end=\"1549\"><strong data-start=\"1447\" data-end=\"1483\">Net ve Kullan\u0131c\u0131 Dostu Ekran:<\/strong><br data-start=\"1483\" data-end=\"1486\" \/>Sezgisel navigasyon ve kolay okunabilirli\u011fe sahip LCD aray\u00fcz.<\/p>\n<\/li>\n<li data-start=\"1551\" data-end=\"1698\">\n<p data-start=\"1553\" data-end=\"1698\"><strong data-start=\"1553\" data-end=\"1571\">B2B Avantaj\u0131:<\/strong><br data-start=\"1571\" data-end=\"1574\" \/>\u0130\u00e7in m\u00fckemmel <strong data-start=\"1588\" data-end=\"1656\">elektrikli bisiklet ve scooter markalar\u0131, tamir at\u00f6lyeleri ve distrib\u00fct\u00f6rler<\/strong> esnek h\u0131z kontrol \u00e7\u00f6z\u00fcmleri ar\u0131yor.<\/p>\n<\/li>\n<\/ul>\n<p data-start=\"1700\" data-end=\"1730\">\ud83d\udccc <strong data-start=\"1703\" data-end=\"1730\">Neden Haytrix M6C'yi Se\u00e7melisiniz?<\/strong><\/p>\n<ul data-start=\"1732\" data-end=\"1951\">\n<li data-start=\"1732\" data-end=\"1792\">\n<p data-start=\"1734\" data-end=\"1792\">Destekler <strong data-start=\"1743\" data-end=\"1790\">k\u00fcresel uyumluluk (AB, Asya, Kuzey Amerika)<\/strong><\/p>\n<\/li>\n<li data-start=\"1793\" data-end=\"1832\">\n<p data-start=\"1795\" data-end=\"1832\">Son kullan\u0131c\u0131lar\u0131 yasal risklerden korur<\/p>\n<\/li>\n<li data-start=\"1833\" data-end=\"1876\">\n<p data-start=\"1835\" data-end=\"1876\">Toptan sat\u0131\u015f dostu ve toplu sipari\u015fe haz\u0131r<\/p>\n<\/li>\n<li data-start=\"1877\" data-end=\"1951\">\n<p data-start=\"1879\" data-end=\"1951\">UART No.2 kullanan \u00e7ok \u00e7e\u015fitli e-bisiklet\/e-scooter sistemleri ile uyumludur<\/p>\n<\/li>\n<\/ul>","protected":false},"excerpt":{"rendered":"<p><strong data-start=\"262\" data-end=\"442\">E-bisiklet ve e-scooter \u00fcreticileri, toptanc\u0131lar\u0131 ve tamir at\u00f6lyeleri i\u00e7in tasarlanan UART No.2 protokoll\u00fc Haytrix M6C ekran, geli\u015fmi\u015f h\u0131z kontrol\u00fc ve AB uyumlulu\u011fu sunar.<\/strong><br data-start=\"442\" data-end=\"445\" \/>\u00d6zellikler <strong data-start=\"455\" data-end=\"463\">Kod<\/strong> ve <strong data-start=\"468\" data-end=\"482\">KillSwitch<\/strong>kullan\u0131c\u0131lar maksimum h\u0131z\u0131 100 km\/s'ye kadar ayarlayabilirken, AB 25 km\/s s\u0131n\u0131r\u0131na h\u0131zl\u0131 bir \u015fekilde s\u0131f\u0131rlayabilirler.<\/p>","protected":false},"featured_media":1828,"comment_status":"open","ping_status":"closed","template":"","meta":{"_uag_custom_page_level_css":"","site-sidebar-layout":"default","site-content-layout":"","ast-site-content-layout":"default","site-content-style":"default","site-sidebar-style":"default","ast-global-header-display":"","ast-banner-title-visibility":"","ast-main-header-display":"","ast-hfb-above-header-display":"","ast-hfb-below-header-display":"","ast-hfb-mobile-header-display":"","site-post-title":"","ast-breadcrumbs-content":"","ast-featured-img":"","footer-sml-layout":"","ast-disable-related-posts":"","theme-transparent-header-meta":"default","adv-header-id-meta":"","stick-header-meta":"","header-above-stick-meta":"","header-main-stick-meta":"","header-below-stick-meta":"","astra-migrate-meta-layouts":"set","ast-page-background-enabled":"default","ast-page-background-meta":{"desktop":{"background-color":"var(--ast-global-color-4)","background-image":"","background-repeat":"repeat","background-position":"center center","background-size":"auto","background-attachment":"scroll","background-type":"","background-media":"","overlay-type":"","overlay-color":"","overlay-opacity":"","overlay-gradient":""},"tablet":{"background-color":"","background-image":"","background-repeat":"repeat","background-position":"center center","background-size":"auto","background-attachment":"scroll","background-type":"","background-media":"","overlay-type":"","overlay-color":"","overlay-opacity":"","overlay-gradient":""},"mobile":{"background-color":"","background-image":"","background-repeat":"repeat","background-position":"center center","background-size":"auto","background-attachment":"scroll","background-type":"","background-media":"","overlay-type":"","overlay-color":"","overlay-opacity":"","overlay-gradient":""}},"ast-content-background-meta":{"desktop":{"background-color":"var(--ast-global-color-5)","background-image":"","background-repeat":"repeat","background-position":"center center","background-size":"auto","background-attachment":"scroll","background-type":"","background-media":"","overlay-type":"","overlay-color":"","overlay-opacity":"","overlay-gradient":""},"tablet":{"background-color":"var(--ast-global-color-5)","background-image":"","background-repeat":"repeat","background-position":"center center","background-size":"auto","background-attachment":"scroll","background-type":"","background-media":"","overlay-type":"","overlay-color":"","overlay-opacity":"","overlay-gradient":""},"mobile":{"background-color":"var(--ast-global-color-5)","background-image":"","background-repeat":"repeat","background-position":"center center","background-size":"auto","background-attachment":"scroll","background-type":"","background-media":"","overlay-type":"","overlay-color":"","overlay-opacity":"","overlay-gradient":""}}},"product_brand":[23],"product_cat":[24],"product_tag":[32,29,26,27,38,30,37,31,28,35,33],"class_list":{"0":"post-1827","1":"product","2":"type-product","3":"status-publish","4":"has-post-thumbnail","6":"product_brand-haytrix","7":"product_cat-killswitch-and-code","8":"product_tag-b2b","9":"product_tag-code-function","10":"product_tag-e-bike-display","11":"product_tag-electric-bike-screen","12":"product_tag-electric-scooter-displa","13":"product_tag-killswitch","14":"product_tag-m6c","15":"product_tag-oem","16":"product_tag-speed-limit-control","17":"product_tag-uart-no-2","18":"product_tag-wholesale","19":"desktop-align-left","20":"tablet-align-left","21":"mobile-align-left","23":"first","24":"instock","25":"shipping-taxable","26":"purchasable","27":"product-type-variable"},"spectra_custom_meta":{"surerank_seo_checks":["a:10:{s:14:\"h2_subheadings\";a:2:{s:6:\"status\";s:7:\"warning\";s:7:\"message\";s:42:\"The page does not contain any subheadings.\";}s:13:\"media_present\";a:2:{s:6:\"status\";s:7:\"success\";s:7:\"message\";s:55:\"This page includes images or videos to enhance content.\";}s:13:\"links_present\";a:2:{s:6:\"status\";s:7:\"warning\";s:7:\"message\";s:27:\"No links found on the page.\";}s:10:\"url_length\";a:2:{s:6:\"status\";s:7:\"success\";s:7:\"message\";s:35:\"Page URL is short and SEO-friendly.\";}s:19:\"search_engine_title\";a:2:{s:6:\"status\";s:7:\"warning\";s:7:\"message\";s:42:\"Search engine title exceeds 60 characters.\";}s:25:\"search_engine_description\";a:2:{s:6:\"status\";s:7:\"success\";s:7:\"message\";s:62:\"Search engine description is present and under 160 characters.\";}s:13:\"canonical_url\";a:2:{s:6:\"status\";s:7:\"success\";s:7:\"message\";s:37:\"Canonical tag is present on the page.\";}s:15:\"open_graph_tags\";a:2:{s:6:\"status\";s:7:\"success\";s:7:\"message\";s:40:\"Open Graph tags are present on the page.\";}s:12:\"broken_links\";a:2:{s:6:\"status\";s:7:\"success\";s:7:\"message\";s:34:\"No broken links found on the page.\";}s:14:\"image_alt_text\";a:4:{s:6:\"status\";s:7:\"warning\";s:11:\"description\";a:2:{i:0;s:37:\"The page does not contain any images.\";i:1;s:60:\"Add images to improve the post\/page's visual appeal and SEO.\";}s:7:\"message\";s:64:\"One or more images on this page are missing alt text attributes.\";s:11:\"show_images\";b:0;}}"],"surerank_seo_checks_last_updated":["1755842080"],"_edit_last":["1"],"_edit_lock":["1755673684:1"],"total_sales":["0"],"_tax_status":["taxable"],"_tax_class":[""],"_manage_stock":["no"],"_backorders":["no"],"_sold_individually":["no"],"_virtual":["no"],"_downloadable":["no"],"_download_limit":["-1"],"_download_expiry":["-1"],"_stock":[null],"_stock_status":["instock"],"_wc_average_rating":["0"],"_wc_review_count":["0"],"_product_attributes":["a:1:{s:23:\"interface-typeuart-no-2\";a:6:{s:4:\"name\";s:25:\"Interface Type(UART NO.2)\";s:5:\"value\";s:38:\"5pin | 6pin | sm5pin | sm6pin | sm7pin\";s:8:\"position\";i:0;s:10:\"is_visible\";i:1;s:12:\"is_variation\";i:1;s:11:\"is_taxonomy\";i:0;}}"],"_product_version":["10.1.0"],"_price":["26.47"],"rank_math_internal_links_processed":["1"],"rank_math_seo_score":["64"],"rank_math_contentai_score":["a:5:{s:8:\"keywords\";s:5:\"74.51\";s:9:\"wordCount\";s:1:\"0\";s:9:\"linkCount\";s:1:\"0\";s:12:\"headingCount\";s:1:\"0\";s:10:\"mediaCount\";s:1:\"0\";}"],"rank_math_title":["Haytrix M6C E-Bike Display | UART No.2, Adjustable Speed Limit with Code &amp; KillSwitch"],"rank_math_description":["Discover the Haytrix M6C display with UART No.2 for e-bike and e-scooter manufacturers and wholesalers. Features adjustable speed limit (Code) up to 100km\/h and instant 25km\/h reset (KillSwitch) for EU compliance. Perfect for OEM &amp; B2B orders."],"rank_math_focus_keyword":["M6C E-Bike Display,UART No.2 E-Bike Screen,Adjustable Speed Limit Display,KillSwitch E-Bike Display,B2B E-Bike Parts Wholesale"],"_thumbnail_id":["1828"],"_product_image_gallery":["1829,1830,1831,1832,1833"],"rank_math_primary_product_brand":["23"],"rank_math_primary_product_cat":["24"],"site-sidebar-layout":["default"],"ast-site-content-layout":["default"],"site-content-style":["default"],"site-sidebar-style":["default"],"theme-transparent-header-meta":["default"],"astra-migrate-meta-layouts":["set"],"rank_math_analytic_object_id":["18"],"litespeed_vpi_list_mobile":["a:9:{i:0;s:42:\"cropped-haytrix-ebike-display222-66x66.png\";i:1;s:9:\"fr_FR.svg\";i:2;s:11:\"0004_01.jpg\";i:3;s:19:\"0004_01-100x100.jpg\";i:4;s:19:\"0001_04-100x100.jpg\";i:5;s:19:\"0002_03-100x100.jpg\";i:6;s:19:\"0003_02-100x100.jpg\";i:7;s:22:\"0008_M6C-3-100x100.jpg\";i:8;s:22:\"0009_M6C-2-100x100.jpg\";}"],"_aipkit_openai_file_id_for_vs_vs_68cb9d577640819193302a9ba797ee09":["file-3TzR4Yic9cWiHesFK8gndJ"],"_aipkit_indexed_to_vs_vs_68cb9d577640819193302a9ba797ee09":["1"],"_uag_css_file_name":["uag-css-1827.css"],"_uag_js_file_name":["uag-js-1827.js"],"_elementor_page_assets":["a:0:{}"]},"uagb_featured_image_src":{"full":["https:\/\/www.haytrix-display.com\/wp-content\/uploads\/2025\/08\/0004_01.jpg",600,600,false],"thumbnail":["https:\/\/www.haytrix-display.com\/wp-content\/uploads\/2025\/08\/0004_01-150x150.jpg",150,150,true],"medium":["https:\/\/www.haytrix-display.com\/wp-content\/uploads\/2025\/08\/0004_01-300x300.jpg",300,300,true],"medium_large":["https:\/\/www.haytrix-display.com\/wp-content\/uploads\/2025\/08\/0004_01.jpg",600,600,false],"large":["https:\/\/www.haytrix-display.com\/wp-content\/uploads\/2025\/08\/0004_01.jpg",600,600,false],"1536x1536":["https:\/\/www.haytrix-display.com\/wp-content\/uploads\/2025\/08\/0004_01.jpg",600,600,false],"2048x2048":["https:\/\/www.haytrix-display.com\/wp-content\/uploads\/2025\/08\/0004_01.jpg",600,600,false],"trp-custom-language-flag":["https:\/\/www.haytrix-display.com\/wp-content\/uploads\/2025\/08\/0004_01.jpg",12,12,false],"woocommerce_thumbnail":["https:\/\/www.haytrix-display.com\/wp-content\/uploads\/2025\/08\/0004_01-300x300.jpg",300,300,true],"woocommerce_single":["https:\/\/www.haytrix-display.com\/wp-content\/uploads\/2025\/08\/0004_01.jpg",600,600,false],"woocommerce_gallery_thumbnail":["https:\/\/www.haytrix-display.com\/wp-content\/uploads\/2025\/08\/0004_01-100x100.jpg",100,100,true]},"uagb_author_info":{"display_name":"info6","author_link":"https:\/\/www.haytrix-display.com\/tr\/author\/"},"uagb_comment_info":0,"uagb_excerpt":"Designed for e-bike and e-scooter manufacturers, wholesalers, and repair shops, the Haytrix M6C display with UART No.2 protocol offers advanced speed control and EU compliance.Featuring Code and KillSwitch, users can adjust the maximum speed up to 100km\/h while quickly resetting to the EU 25km\/h limit.","_links":{"self":[{"href":"https:\/\/www.haytrix-display.com\/tr\/wp-json\/wp\/v2\/product\/1827","targetHints":{"allow":["GET"]}}],"collection":[{"href":"https:\/\/www.haytrix-display.com\/tr\/wp-json\/wp\/v2\/product"}],"about":[{"href":"https:\/\/www.haytrix-display.com\/tr\/wp-json\/wp\/v2\/types\/product"}],"replies":[{"embeddable":true,"href":"https:\/\/www.haytrix-display.com\/tr\/wp-json\/wp\/v2\/comments?post=1827"}],"wp:featuredmedia":[{"embeddable":true,"href":"https:\/\/www.haytrix-display.com\/tr\/wp-json\/wp\/v2\/media\/1828"}],"wp:attachment":[{"href":"https:\/\/www.haytrix-display.com\/tr\/wp-json\/wp\/v2\/media?parent=1827"}],"wp:term":[{"taxonomy":"product_brand","embeddable":true,"href":"https:\/\/www.haytrix-display.com\/tr\/wp-json\/wp\/v2\/product_brand?post=1827"},{"taxonomy":"product_cat","embeddable":true,"href":"https:\/\/www.haytrix-display.com\/tr\/wp-json\/wp\/v2\/product_cat?post=1827"},{"taxonomy":"product_tag","embeddable":true,"href":"https:\/\/www.haytrix-display.com\/tr\/wp-json\/wp\/v2\/product_tag?post=1827"}],"curies":[{"name":"wp","href":"https:\/\/api.w.org\/{rel}","templated":true}]}}