{"id":1869,"date":"2025-08-20T09:04:37","date_gmt":"2025-08-20T09:04:37","guid":{"rendered":"https:\/\/haytrix-display.com\/?post_type=product&#038;p=1869"},"modified":"2025-10-16T02:49:47","modified_gmt":"2025-10-16T02:49:47","slug":"haytrix-p5c-e-bi%cc%87si%cc%87klet-e-scooter-ekrani","status":"publish","type":"product","link":"https:\/\/www.haytrix-display.com\/tr\/product\/haytrix-p5c-e-bike-e-scooter-display\/","title":{"rendered":"Haytrix P5C E-Bisiklet ve E-Scooter Ekran\u0131 - B2B Ak\u0131ll\u0131 G\u00f6sterge Paneli"},"content":{"rendered":"<p data-start=\"395\" data-end=\"647\">Bu <strong data-start=\"399\" data-end=\"422\">Haytrix P5C Ekran<\/strong> elektrikli bisikletler ve scooterlar i\u00e7in tasarlanm\u0131\u015f \u00e7ok y\u00f6nl\u00fc ve dayan\u0131kl\u0131 bir ak\u0131ll\u0131 g\u00f6sterge panelidir. B2B tedarik\u00e7ileri i\u00e7in m\u00fckemmel olan bu ekran, h\u0131z, pil seviyesi ve yolculuk bilgilerini g\u00f6steren net, okunmas\u0131 kolay bir dijital ekran sa\u011flar.<\/p>\n<p data-start=\"649\" data-end=\"668\"><strong data-start=\"649\" data-end=\"666\">Anahtar \u00f6zellikler:<\/strong><\/p>\n<ul data-start=\"669\" data-end=\"1080\">\n<li data-start=\"669\" data-end=\"736\">\n<p data-start=\"671\" data-end=\"736\"><strong data-start=\"671\" data-end=\"694\">Geni\u015f Uyumluluk:<\/strong> \u00c7o\u011fu e-bisiklet ve e-scooter ile \u00e7al\u0131\u015f\u0131r.<\/p>\n<\/li>\n<li data-start=\"737\" data-end=\"819\">\n<p data-start=\"739\" data-end=\"819\"><strong data-start=\"739\" data-end=\"765\">\u00c7oklu S\u00fcr\u00fc\u015f Modlar\u0131:<\/strong> Esnek s\u00fcr\u00fc\u015f i\u00e7in eko, standart ve spor modlar\u0131.<\/p>\n<\/li>\n<li data-start=\"820\" data-end=\"915\">\n<p data-start=\"822\" data-end=\"915\"><strong data-start=\"822\" data-end=\"852\">Dayan\u0131kl\u0131 ve Suya Dayan\u0131kl\u0131:<\/strong> G\u00fcnl\u00fck kullan\u0131ma ve \u00e7e\u015fitli hava ko\u015fullar\u0131na dayanacak \u015fekilde \u00fcretilmi\u015ftir.<\/p>\n<\/li>\n<li data-start=\"916\" data-end=\"1006\">\n<p data-start=\"918\" data-end=\"1006\"><strong data-start=\"918\" data-end=\"940\">B2B \u00d6zelle\u015ftirme:<\/strong> Toplu sipari\u015fler i\u00e7in iste\u011fe ba\u011fl\u0131 kod veya killswitch \u00f6zellikleri mevcuttur.<\/p>\n<\/li>\n<li data-start=\"1007\" data-end=\"1080\">\n<p data-start=\"1009\" data-end=\"1080\"><strong data-start=\"1009\" data-end=\"1031\">Kolay Kurulum:<\/strong> Sorunsuz entegrasyon i\u00e7in tak ve \u00e7al\u0131\u015ft\u0131r tasar\u0131m\u0131.<\/p>\n<\/li>\n<\/ul>\n<p data-start=\"1082\" data-end=\"1193\">G\u00fcvenilir \u00fcr\u00fcnler arayan \u00fcreticiler, distrib\u00fct\u00f6rler ve tamir at\u00f6lyeleri i\u00e7in ideal <strong data-start=\"1159\" data-end=\"1190\">Haytrix e-mobilite ekranlar\u0131<\/strong>.<\/p>","protected":false},"excerpt":{"rendered":"<p>Y\u00fcksek kalite <strong data-start=\"199\" data-end=\"214\">Haytrix P5C<\/strong> elektrikli bisikletler ve scooterlar i\u00e7in ekran. Net dijital ekran, \u00e7oklu s\u00fcr\u00fc\u015f modlar\u0131 ve B2B \u00f6zelle\u015ftirme se\u00e7enekleri.<\/p>","protected":false},"featured_media":1870,"comment_status":"open","ping_status":"closed","template":"","meta":{"_uag_custom_page_level_css":"","site-sidebar-layout":"default","site-content-layout":"","ast-site-content-layout":"default","site-content-style":"default","site-sidebar-style":"default","ast-global-header-display":"","ast-banner-title-visibility":"","ast-main-header-display":"","ast-hfb-above-header-display":"","ast-hfb-below-header-display":"","ast-hfb-mobile-header-display":"","site-post-title":"","ast-breadcrumbs-content":"","ast-featured-img":"","footer-sml-layout":"","ast-disable-related-posts":"","theme-transparent-header-meta":"default","adv-header-id-meta":"","stick-header-meta":"","header-above-stick-meta":"","header-main-stick-meta":"","header-below-stick-meta":"","astra-migrate-meta-layouts":"set","ast-page-background-enabled":"default","ast-page-background-meta":{"desktop":{"background-color":"var(--ast-global-color-4)","background-image":"","background-repeat":"repeat","background-position":"center center","background-size":"auto","background-attachment":"scroll","background-type":"","background-media":"","overlay-type":"","overlay-color":"","overlay-opacity":"","overlay-gradient":""},"tablet":{"background-color":"","background-image":"","background-repeat":"repeat","background-position":"center center","background-size":"auto","background-attachment":"scroll","background-type":"","background-media":"","overlay-type":"","overlay-color":"","overlay-opacity":"","overlay-gradient":""},"mobile":{"background-color":"","background-image":"","background-repeat":"repeat","background-position":"center center","background-size":"auto","background-attachment":"scroll","background-type":"","background-media":"","overlay-type":"","overlay-color":"","overlay-opacity":"","overlay-gradient":""}},"ast-content-background-meta":{"desktop":{"background-color":"var(--ast-global-color-5)","background-image":"","background-repeat":"repeat","background-position":"center center","background-size":"auto","background-attachment":"scroll","background-type":"","background-media":"","overlay-type":"","overlay-color":"","overlay-opacity":"","overlay-gradient":""},"tablet":{"background-color":"var(--ast-global-color-5)","background-image":"","background-repeat":"repeat","background-position":"center center","background-size":"auto","background-attachment":"scroll","background-type":"","background-media":"","overlay-type":"","overlay-color":"","overlay-opacity":"","overlay-gradient":""},"mobile":{"background-color":"var(--ast-global-color-5)","background-image":"","background-repeat":"repeat","background-position":"center center","background-size":"auto","background-attachment":"scroll","background-type":"","background-media":"","overlay-type":"","overlay-color":"","overlay-opacity":"","overlay-gradient":""}}},"product_brand":[23],"product_cat":[39],"product_tag":[26,50,131,143,51],"class_list":{"0":"post-1869","1":"product","2":"type-product","3":"status-publish","4":"has-post-thumbnail","6":"product_brand-haytrix","7":"product_cat-conventional-display-customizable","8":"product_tag-e-bike-display","9":"product_tag-e-scooter-display","10":"product_tag-haytrix-display","11":"product_tag-haytrix-p5c","12":"product_tag-smart-dashboard","13":"desktop-align-left","14":"tablet-align-left","15":"mobile-align-left","17":"first","18":"instock","19":"shipping-taxable","20":"purchasable","21":"product-type-variable"},"spectra_custom_meta":{"surerank_seo_checks":["a:10:{s:14:\"h2_subheadings\";a:2:{s:6:\"status\";s:7:\"warning\";s:7:\"message\";s:42:\"The page does not contain any subheadings.\";}s:13:\"media_present\";a:2:{s:6:\"status\";s:7:\"success\";s:7:\"message\";s:55:\"This page includes images or videos to enhance content.\";}s:13:\"links_present\";a:2:{s:6:\"status\";s:7:\"warning\";s:7:\"message\";s:27:\"No links found on the page.\";}s:10:\"url_length\";a:2:{s:6:\"status\";s:7:\"success\";s:7:\"message\";s:35:\"Page URL is short and SEO-friendly.\";}s:19:\"search_engine_title\";a:2:{s:6:\"status\";s:7:\"warning\";s:7:\"message\";s:42:\"Search engine title exceeds 60 characters.\";}s:25:\"search_engine_description\";a:2:{s:6:\"status\";s:7:\"success\";s:7:\"message\";s:62:\"Search engine description is present and under 160 characters.\";}s:13:\"canonical_url\";a:2:{s:6:\"status\";s:7:\"success\";s:7:\"message\";s:37:\"Canonical tag is present on the page.\";}s:15:\"open_graph_tags\";a:2:{s:6:\"status\";s:7:\"success\";s:7:\"message\";s:40:\"Open Graph tags are present on the page.\";}s:12:\"broken_links\";a:2:{s:6:\"status\";s:7:\"success\";s:7:\"message\";s:34:\"No broken links found on the page.\";}s:14:\"image_alt_text\";a:4:{s:6:\"status\";s:7:\"warning\";s:11:\"description\";a:2:{i:0;s:37:\"The page does not contain any images.\";i:1;s:60:\"Add images to improve the post\/page's visual appeal and SEO.\";}s:7:\"message\";s:64:\"One or more images on this page are missing alt text attributes.\";s:11:\"show_images\";b:0;}}"],"surerank_seo_checks_last_updated":["1755842080"],"_edit_last":["1"],"_edit_lock":["1760582867:1"],"total_sales":["0"],"_tax_status":["taxable"],"_tax_class":[""],"_manage_stock":["no"],"_backorders":["no"],"_sold_individually":["no"],"_virtual":["no"],"_downloadable":["no"],"_download_limit":["-1"],"_download_expiry":["-1"],"_stock":[null],"_stock_status":["instock"],"_wc_average_rating":["0"],"_wc_review_count":["0"],"_product_attributes":["a:1:{s:23:\"interface-typeuart-no-2\";a:6:{s:4:\"name\";s:25:\"Interface Type(UART NO.2)\";s:5:\"value\";s:38:\"5pin | 6pin | sm5pin | sm6pin | sm7pin\";s:8:\"position\";i:0;s:10:\"is_visible\";i:1;s:12:\"is_variation\";i:1;s:11:\"is_taxonomy\";i:0;}}"],"_product_version":["10.2.2"],"_price":["14"],"rank_math_internal_links_processed":["1"],"rank_math_seo_score":["87"],"rank_math_contentai_score":["a:5:{s:8:\"keywords\";s:5:\"74.51\";s:9:\"wordCount\";s:1:\"0\";s:9:\"linkCount\";s:1:\"0\";s:12:\"headingCount\";s:1:\"0\";s:10:\"mediaCount\";s:1:\"0\";}"],"rank_math_title":["Haytrix P5C E-Bike &amp; E-Scooter Display \u2013 B2B Smart Dashboard"],"rank_math_description":["Buy Haytrix P5C display for electric bikes and scooters. Durable, clear, and customizable. Ideal for B2B suppliers and manufacturers."],"rank_math_focus_keyword":["Haytrix P5C,e-bike display,e-scooter dashboard,B2B e-mobility,smart e-bike screen"],"_thumbnail_id":["1870"],"_product_image_gallery":["1871,1872,1873,1874,1875"],"rank_math_primary_product_brand":["23"],"rank_math_primary_product_cat":["39"],"site-sidebar-layout":["default"],"ast-site-content-layout":["default"],"site-content-style":["default"],"site-sidebar-style":["default"],"theme-transparent-header-meta":["default"],"rank_math_analytic_object_id":["16"],"litespeed_vpi_list_mobile":["a:9:{i:0;s:42:\"cropped-haytrix-ebike-display222-66x66.png\";i:1;s:9:\"fr_FR.svg\";i:2;s:11:\"0007_01.jpg\";i:3;s:19:\"0007_01-100x100.jpg\";i:4;s:19:\"0004_04-100x100.jpg\";i:5;s:19:\"0006_02-100x100.jpg\";i:6;s:22:\"0013_P5C-2-100x100.jpg\";i:7;s:19:\"0019_07-100x100.jpg\";i:8;s:50:\"5527438468016514_2024_12_6763d46d24cf4-100x100.jpg\";}"],"_aipkit_openai_file_id_for_vs_vs_68cb9d577640819193302a9ba797ee09":["file-W45cDQFYxcVVq1pWoM3Jsv"],"_aipkit_indexed_to_vs_vs_68cb9d577640819193302a9ba797ee09":["1"],"_wp_old_slug":["haytric-p5c-e-bike-e-scooter-display"],"_aipkit_is_token_package":["no"],"astra-migrate-meta-layouts":["set"],"_uag_css_file_name":["uag-css-1869.css"],"_uag_js_file_name":["uag-js-1869.js"],"_elementor_page_assets":["a:0:{}"]},"uagb_featured_image_src":{"full":["https:\/\/www.haytrix-display.com\/wp-content\/uploads\/2025\/08\/0007_01.jpg",600,600,false],"thumbnail":["https:\/\/www.haytrix-display.com\/wp-content\/uploads\/2025\/08\/0007_01-150x150.jpg",150,150,true],"medium":["https:\/\/www.haytrix-display.com\/wp-content\/uploads\/2025\/08\/0007_01-300x300.jpg",300,300,true],"medium_large":["https:\/\/www.haytrix-display.com\/wp-content\/uploads\/2025\/08\/0007_01.jpg",600,600,false],"large":["https:\/\/www.haytrix-display.com\/wp-content\/uploads\/2025\/08\/0007_01.jpg",600,600,false],"1536x1536":["https:\/\/www.haytrix-display.com\/wp-content\/uploads\/2025\/08\/0007_01.jpg",600,600,false],"2048x2048":["https:\/\/www.haytrix-display.com\/wp-content\/uploads\/2025\/08\/0007_01.jpg",600,600,false],"trp-custom-language-flag":["https:\/\/www.haytrix-display.com\/wp-content\/uploads\/2025\/08\/0007_01.jpg",12,12,false],"woocommerce_thumbnail":["https:\/\/www.haytrix-display.com\/wp-content\/uploads\/2025\/08\/0007_01-300x300.jpg",300,300,true],"woocommerce_single":["https:\/\/www.haytrix-display.com\/wp-content\/uploads\/2025\/08\/0007_01.jpg",600,600,false],"woocommerce_gallery_thumbnail":["https:\/\/www.haytrix-display.com\/wp-content\/uploads\/2025\/08\/0007_01-100x100.jpg",100,100,true]},"uagb_author_info":{"display_name":"info6","author_link":"https:\/\/www.haytrix-display.com\/tr\/author\/"},"uagb_comment_info":0,"uagb_excerpt":"High-quality Haytrix P5C display for electric bikes and scooters. Clear digital screen, multiple riding modes, and B2B customization options.","_links":{"self":[{"href":"https:\/\/www.haytrix-display.com\/tr\/wp-json\/wp\/v2\/product\/1869","targetHints":{"allow":["GET"]}}],"collection":[{"href":"https:\/\/www.haytrix-display.com\/tr\/wp-json\/wp\/v2\/product"}],"about":[{"href":"https:\/\/www.haytrix-display.com\/tr\/wp-json\/wp\/v2\/types\/product"}],"replies":[{"embeddable":true,"href":"https:\/\/www.haytrix-display.com\/tr\/wp-json\/wp\/v2\/comments?post=1869"}],"wp:featuredmedia":[{"embeddable":true,"href":"https:\/\/www.haytrix-display.com\/tr\/wp-json\/wp\/v2\/media\/1870"}],"wp:attachment":[{"href":"https:\/\/www.haytrix-display.com\/tr\/wp-json\/wp\/v2\/media?parent=1869"}],"wp:term":[{"taxonomy":"product_brand","embeddable":true,"href":"https:\/\/www.haytrix-display.com\/tr\/wp-json\/wp\/v2\/product_brand?post=1869"},{"taxonomy":"product_cat","embeddable":true,"href":"https:\/\/www.haytrix-display.com\/tr\/wp-json\/wp\/v2\/product_cat?post=1869"},{"taxonomy":"product_tag","embeddable":true,"href":"https:\/\/www.haytrix-display.com\/tr\/wp-json\/wp\/v2\/product_tag?post=1869"}],"curies":[{"name":"wp","href":"https:\/\/api.w.org\/{rel}","templated":true}]}}