{"id":1960,"date":"2025-08-21T02:23:45","date_gmt":"2025-08-21T02:23:45","guid":{"rendered":"https:\/\/haytrix-display.com\/?post_type=product&#038;p=1960"},"modified":"2025-10-16T02:14:12","modified_gmt":"2025-10-16T02:14:12","slug":"haytrix-m6h-e-bi%cc%87si%cc%87klet-e-scooter-ekrani","status":"publish","type":"product","link":"https:\/\/www.haytrix-display.com\/tr\/product\/haytrix-m6h-e-bike-e-scooter-display\/","title":{"rendered":"Haytrix M6H E-Bisiklet ve E-Scooter Ekran\u0131 - UART No.2 Protokol\u00fc | B2B Ak\u0131ll\u0131 G\u00f6sterge Paneli"},"content":{"rendered":"<p data-start=\"515\" data-end=\"816\">Bu <strong data-start=\"519\" data-end=\"542\">Haytrix M6H Ekran<\/strong> i\u00e7in geli\u015ftirilmi\u015f yeni nesil bir ak\u0131ll\u0131 g\u00f6sterge panelidir. <strong data-start=\"590\" data-end=\"621\">elektri\u0307kli\u0307 bi\u0307si\u0307kletler ve scooterlar<\/strong>Hem OEM \u00fcretiminde hem de sat\u0131\u015f sonras\u0131 hizmetlerde yayg\u0131n olarak kullan\u0131lmaktad\u0131r. \u0130le <strong data-start=\"692\" data-end=\"728\">UART No.2 ileti\u015fim protokol\u00fc<\/strong>M6H sorunsuz ba\u011flant\u0131, geni\u015f sistem uyumlulu\u011fu ve kolay entegrasyon sunar.<\/p>\n<p data-start=\"818\" data-end=\"847\"><strong data-start=\"818\" data-end=\"845\">Neden Haytrix M6H'yi se\u00e7melisiniz?<\/strong><\/p>\n<ul data-start=\"848\" data-end=\"1478\">\n<li data-start=\"848\" data-end=\"971\">\n<p data-start=\"850\" data-end=\"971\"><strong data-start=\"850\" data-end=\"873\">UART No.2 Protokol\u00fc:<\/strong> \u0130stikrarl\u0131 veri iletimi ve ba\u015fl\u0131ca e-bisiklet ve e-scooter kontrol\u00f6rleriyle uyumluluk sa\u011flar.<\/p>\n<\/li>\n<li data-start=\"972\" data-end=\"1074\">\n<p data-start=\"974\" data-end=\"1074\"><strong data-start=\"974\" data-end=\"995\">Geni\u015f Uygulama Alan\u0131:<\/strong> OEM \u00fcretimi, toptan da\u011f\u0131t\u0131m ve k\u00fc\u00e7\u00fck tamir at\u00f6lyeleri i\u00e7in uygundur.<\/p>\n<\/li>\n<li data-start=\"1075\" data-end=\"1175\">\n<p data-start=\"1077\" data-end=\"1175\"><strong data-start=\"1077\" data-end=\"1107\">Net ve \u0130\u015flevsel Ekran:<\/strong> H\u0131z, pil seviyesi, yolculuk bilgileri ve s\u00fcr\u00fc\u015f verilerini g\u00f6r\u00fcnt\u00fcler.<\/p>\n<\/li>\n<li data-start=\"1176\" data-end=\"1267\">\n<p data-start=\"1178\" data-end=\"1267\"><strong data-start=\"1178\" data-end=\"1200\">G\u00fc\u00e7l\u00fc Dayan\u0131kl\u0131l\u0131k:<\/strong> Uzun s\u00fcreli d\u0131\u015f mekan kullan\u0131m\u0131 i\u00e7in suya ve toza dayan\u0131kl\u0131 muhafaza.<\/p>\n<\/li>\n<li data-start=\"1268\" data-end=\"1377\">\n<p data-start=\"1270\" data-end=\"1377\"><strong data-start=\"1270\" data-end=\"1292\">B2B \u00d6zelle\u015ftirme:<\/strong> Toplu sipari\u015fler i\u00e7in kod kilidi ve \u00f6ld\u00fcrme anahtar\u0131 gibi iste\u011fe ba\u011fl\u0131 \u00f6zelliklerle mevcuttur.<\/p>\n<\/li>\n<li data-start=\"1378\" data-end=\"1478\">\n<p data-start=\"1380\" data-end=\"1478\"><strong data-start=\"1380\" data-end=\"1402\">Kolay Kurulum:<\/strong> Tak ve \u00e7al\u0131\u015ft\u0131r aray\u00fcz\u00fc, ma\u011fazalar ve servis merkezleri i\u00e7in kurulum s\u00fcresini k\u0131salt\u0131r.<\/p>\n<\/li>\n<\/ul>\n<p data-start=\"1480\" data-end=\"1657\">Bu <strong data-start=\"1484\" data-end=\"1499\">Haytrix M6H<\/strong> i\u00e7in do\u011fru se\u00e7imdir. <strong data-start=\"1524\" data-end=\"1596\">\u00fcreticiler, distrib\u00fct\u00f6rler, e-bisiklet perakendecileri ve hizmet sa\u011flay\u0131c\u0131lar\u0131<\/strong> bir profesyonel ar\u0131yorum <strong data-start=\"1624\" data-end=\"1645\">B2B ak\u0131ll\u0131 ekran<\/strong> \u00c7\u00f6z\u00fcm.<\/p>","protected":false},"excerpt":{"rendered":"<p>Bu <strong data-start=\"257\" data-end=\"280\">Haytrix M6H ekran<\/strong> e-bisikletler ve e-scooterlar i\u00e7in dayan\u0131kl\u0131 bir ak\u0131ll\u0131 g\u00f6sterge panelidir. <strong data-start=\"344\" data-end=\"366\">UART No.2 protokol\u00fc<\/strong> g\u00fcvenilir performans i\u00e7in. \u00dcreticiler, distrib\u00fct\u00f6rler ve tamir at\u00f6lyeleri i\u00e7in tasarlanm\u0131\u015ft\u0131r.<\/p>","protected":false},"featured_media":1961,"comment_status":"open","ping_status":"closed","template":"","meta":{"_uag_custom_page_level_css":"","site-sidebar-layout":"default","site-content-layout":"","ast-site-content-layout":"default","site-content-style":"default","site-sidebar-style":"default","ast-global-header-display":"","ast-banner-title-visibility":"","ast-main-header-display":"","ast-hfb-above-header-display":"","ast-hfb-below-header-display":"","ast-hfb-mobile-header-display":"","site-post-title":"","ast-breadcrumbs-content":"","ast-featured-img":"","footer-sml-layout":"","ast-disable-related-posts":"","theme-transparent-header-meta":"default","adv-header-id-meta":"","stick-header-meta":"","header-above-stick-meta":"","header-main-stick-meta":"","header-below-stick-meta":"","astra-migrate-meta-layouts":"set","ast-page-background-enabled":"default","ast-page-background-meta":{"desktop":{"background-color":"var(--ast-global-color-4)","background-image":"","background-repeat":"repeat","background-position":"center center","background-size":"auto","background-attachment":"scroll","background-type":"","background-media":"","overlay-type":"","overlay-color":"","overlay-opacity":"","overlay-gradient":""},"tablet":{"background-color":"","background-image":"","background-repeat":"repeat","background-position":"center center","background-size":"auto","background-attachment":"scroll","background-type":"","background-media":"","overlay-type":"","overlay-color":"","overlay-opacity":"","overlay-gradient":""},"mobile":{"background-color":"","background-image":"","background-repeat":"repeat","background-position":"center center","background-size":"auto","background-attachment":"scroll","background-type":"","background-media":"","overlay-type":"","overlay-color":"","overlay-opacity":"","overlay-gradient":""}},"ast-content-background-meta":{"desktop":{"background-color":"var(--ast-global-color-5)","background-image":"","background-repeat":"repeat","background-position":"center center","background-size":"auto","background-attachment":"scroll","background-type":"","background-media":"","overlay-type":"","overlay-color":"","overlay-opacity":"","overlay-gradient":""},"tablet":{"background-color":"var(--ast-global-color-5)","background-image":"","background-repeat":"repeat","background-position":"center center","background-size":"auto","background-attachment":"scroll","background-type":"","background-media":"","overlay-type":"","overlay-color":"","overlay-opacity":"","overlay-gradient":""},"mobile":{"background-color":"var(--ast-global-color-5)","background-image":"","background-repeat":"repeat","background-position":"center center","background-size":"auto","background-attachment":"scroll","background-type":"","background-media":"","overlay-type":"","overlay-color":"","overlay-opacity":"","overlay-gradient":""}}},"product_brand":[23],"product_cat":[39],"product_tag":[56,53,50,57,70,131,138,69,55,35],"class_list":{"0":"post-1960","1":"product","2":"type-product","3":"status-publish","4":"has-post-thumbnail","6":"product_brand-haytrix","7":"product_cat-conventional-display-customizable","8":"product_tag-b2b-e-mobility","9":"product_tag-e-bike-dashboard","10":"product_tag-e-scooter-display","11":"product_tag-electric-bike-accessory","12":"product_tag-electric-scooter-parts","13":"product_tag-haytrix-display","14":"product_tag-haytrix-m6h","15":"product_tag-m6h-display","16":"product_tag-smart-display","17":"product_tag-uart-no-2","18":"desktop-align-left","19":"tablet-align-left","20":"mobile-align-left","22":"first","23":"instock","24":"shipping-taxable","25":"purchasable","26":"product-type-variable"},"spectra_custom_meta":{"surerank_seo_checks":["a:10:{s:14:\"h2_subheadings\";a:2:{s:6:\"status\";s:7:\"warning\";s:7:\"message\";s:42:\"The page does not contain any subheadings.\";}s:13:\"media_present\";a:2:{s:6:\"status\";s:7:\"success\";s:7:\"message\";s:55:\"This page includes images or videos to enhance content.\";}s:13:\"links_present\";a:2:{s:6:\"status\";s:7:\"warning\";s:7:\"message\";s:27:\"No links found on the page.\";}s:10:\"url_length\";a:2:{s:6:\"status\";s:7:\"success\";s:7:\"message\";s:35:\"Page URL is short and SEO-friendly.\";}s:19:\"search_engine_title\";a:2:{s:6:\"status\";s:7:\"warning\";s:7:\"message\";s:42:\"Search engine title exceeds 60 characters.\";}s:25:\"search_engine_description\";a:2:{s:6:\"status\";s:7:\"success\";s:7:\"message\";s:62:\"Search engine description is present and under 160 characters.\";}s:13:\"canonical_url\";a:2:{s:6:\"status\";s:7:\"success\";s:7:\"message\";s:37:\"Canonical tag is present on the page.\";}s:15:\"open_graph_tags\";a:2:{s:6:\"status\";s:7:\"success\";s:7:\"message\";s:40:\"Open Graph tags are present on the page.\";}s:12:\"broken_links\";a:2:{s:6:\"status\";s:7:\"success\";s:7:\"message\";s:34:\"No broken links found on the page.\";}s:14:\"image_alt_text\";a:4:{s:6:\"status\";s:7:\"warning\";s:11:\"description\";a:2:{i:0;s:37:\"The page does not contain any images.\";i:1;s:60:\"Add images to improve the post\/page's visual appeal and SEO.\";}s:7:\"message\";s:64:\"One or more images on this page are missing alt text attributes.\";s:11:\"show_images\";b:0;}}"],"surerank_seo_checks_last_updated":["1755842080"],"_edit_last":["1"],"_edit_lock":["1760580760:1"],"total_sales":["0"],"_tax_status":["taxable"],"_tax_class":[""],"_manage_stock":["no"],"_backorders":["no"],"_sold_individually":["no"],"_virtual":["no"],"_downloadable":["no"],"_download_limit":["-1"],"_download_expiry":["-1"],"_stock":[null],"_stock_status":["instock"],"_wc_average_rating":["0"],"_wc_review_count":["0"],"_product_attributes":["a:1:{s:23:\"interface-typeuart-no-2\";a:6:{s:4:\"name\";s:25:\"Interface Type(UART NO.2)\";s:5:\"value\";s:38:\"5pin | 6pin | sm5pin | sm6pin | sm7pin\";s:8:\"position\";i:0;s:10:\"is_visible\";i:1;s:12:\"is_variation\";i:1;s:11:\"is_taxonomy\";i:0;}}"],"_product_version":["10.2.2"],"_price":["21"],"rank_math_internal_links_processed":["1"],"rank_math_contentai_score":["a:5:{s:8:\"keywords\";s:5:\"74.51\";s:9:\"wordCount\";s:1:\"0\";s:9:\"linkCount\";s:1:\"0\";s:12:\"headingCount\";s:1:\"0\";s:10:\"mediaCount\";s:1:\"0\";}"],"rank_math_seo_score":["25"],"rank_math_title":["Haytrix M6H Display for E-Bike &amp; E-Scooter \u2013 UART No.2 Smart Dashboard | B2B"],"rank_math_description":["Buy the Haytrix M6H display with UART No.2 protocol for e-bikes and e-scooters. Clear, durable, and customizable. Ideal for B2B suppliers, OEMs, and repair shops."],"rank_math_focus_keyword":["UART No.2 display,e-bike display,e-scooter dashboard,B2B smart display,Haytrix M6H"],"_thumbnail_id":["1961"],"_product_image_gallery":["1962,1963,1964,1965,1966,1967"],"rank_math_primary_product_brand":["23"],"rank_math_primary_product_cat":["39"],"site-sidebar-layout":["default"],"ast-site-content-layout":["default"],"site-content-style":["default"],"site-sidebar-style":["default"],"theme-transparent-header-meta":["default"],"rank_math_analytic_object_id":["10"],"_aipkit_openai_file_id_for_vs_vs_68cb9d577640819193302a9ba797ee09":["file-GDokaJkSWw2kPRTDRaUHdF"],"_aipkit_indexed_to_vs_vs_68cb9d577640819193302a9ba797ee09":["1"],"_wp_old_slug":["haytric-m6h-e-bike-e-scooter-display"],"_aipkit_is_token_package":["no"],"astra-migrate-meta-layouts":["set"],"_uag_css_file_name":["uag-css-1960.css"],"_uag_js_file_name":["uag-js-1960.js"],"_elementor_page_assets":["a:0:{}"]},"uagb_featured_image_src":{"full":["https:\/\/www.haytrix-display.com\/wp-content\/uploads\/2025\/08\/0006_\u4e3b\u56fe1-2.jpg",600,600,false],"thumbnail":["https:\/\/www.haytrix-display.com\/wp-content\/uploads\/2025\/08\/0006_\u4e3b\u56fe1-2-150x150.jpg",150,150,true],"medium":["https:\/\/www.haytrix-display.com\/wp-content\/uploads\/2025\/08\/0006_\u4e3b\u56fe1-2-300x300.jpg",300,300,true],"medium_large":["https:\/\/www.haytrix-display.com\/wp-content\/uploads\/2025\/08\/0006_\u4e3b\u56fe1-2.jpg",600,600,false],"large":["https:\/\/www.haytrix-display.com\/wp-content\/uploads\/2025\/08\/0006_\u4e3b\u56fe1-2.jpg",600,600,false],"1536x1536":["https:\/\/www.haytrix-display.com\/wp-content\/uploads\/2025\/08\/0006_\u4e3b\u56fe1-2.jpg",600,600,false],"2048x2048":["https:\/\/www.haytrix-display.com\/wp-content\/uploads\/2025\/08\/0006_\u4e3b\u56fe1-2.jpg",600,600,false],"trp-custom-language-flag":["https:\/\/www.haytrix-display.com\/wp-content\/uploads\/2025\/08\/0006_\u4e3b\u56fe1-2.jpg",12,12,false],"woocommerce_thumbnail":["https:\/\/www.haytrix-display.com\/wp-content\/uploads\/2025\/08\/0006_\u4e3b\u56fe1-2-300x300.jpg",300,300,true],"woocommerce_single":["https:\/\/www.haytrix-display.com\/wp-content\/uploads\/2025\/08\/0006_\u4e3b\u56fe1-2.jpg",600,600,false],"woocommerce_gallery_thumbnail":["https:\/\/www.haytrix-display.com\/wp-content\/uploads\/2025\/08\/0006_\u4e3b\u56fe1-2-100x100.jpg",100,100,true]},"uagb_author_info":{"display_name":"info6","author_link":"https:\/\/www.haytrix-display.com\/tr\/author\/"},"uagb_comment_info":0,"uagb_excerpt":"The Haytrix M6H display is a durable smart dashboard for e-bikes and e-scooters, using UART No.2 protocol for reliable performance. Designed for manufacturers, distributors, and repair shops.","_links":{"self":[{"href":"https:\/\/www.haytrix-display.com\/tr\/wp-json\/wp\/v2\/product\/1960","targetHints":{"allow":["GET"]}}],"collection":[{"href":"https:\/\/www.haytrix-display.com\/tr\/wp-json\/wp\/v2\/product"}],"about":[{"href":"https:\/\/www.haytrix-display.com\/tr\/wp-json\/wp\/v2\/types\/product"}],"replies":[{"embeddable":true,"href":"https:\/\/www.haytrix-display.com\/tr\/wp-json\/wp\/v2\/comments?post=1960"}],"wp:featuredmedia":[{"embeddable":true,"href":"https:\/\/www.haytrix-display.com\/tr\/wp-json\/wp\/v2\/media\/1961"}],"wp:attachment":[{"href":"https:\/\/www.haytrix-display.com\/tr\/wp-json\/wp\/v2\/media?parent=1960"}],"wp:term":[{"taxonomy":"product_brand","embeddable":true,"href":"https:\/\/www.haytrix-display.com\/tr\/wp-json\/wp\/v2\/product_brand?post=1960"},{"taxonomy":"product_cat","embeddable":true,"href":"https:\/\/www.haytrix-display.com\/tr\/wp-json\/wp\/v2\/product_cat?post=1960"},{"taxonomy":"product_tag","embeddable":true,"href":"https:\/\/www.haytrix-display.com\/tr\/wp-json\/wp\/v2\/product_tag?post=1960"}],"curies":[{"name":"wp","href":"https:\/\/api.w.org\/{rel}","templated":true}]}}